{"id":1377,"date":"2023-08-01T12:13:41","date_gmt":"2023-08-01T12:13:41","guid":{"rendered":"https:\/\/test.solibra.com.tr\/?page_id=1377"},"modified":"2023-08-01T12:22:20","modified_gmt":"2023-08-01T12:22:20","slug":"institucional","status":"publish","type":"page","link":"https:\/\/www.solibra.com.tr\/?page_id=1377&lang=pt","title":{"rendered":"Sobre n\u00f3s"},"content":{"rendered":"\t\t<div data-elementor-type=\"wp-page\" data-elementor-id=\"1377\" class=\"elementor elementor-1377\">\n\t\t\t\t\t\t<section class=\"elementor-section elementor-top-section elementor-element elementor-element-6a509207 thsn-col-stretched-none thsn-bg-color-over-image elementor-section-boxed elementor-section-height-default elementor-section-height-default\" data-id=\"6a509207\" data-element_type=\"section\">\n\t\t\t\t\t\t<div class=\"elementor-container elementor-column-gap-no\">\n\t\t\t\t\t<div class=\"elementor-column elementor-col-100 elementor-top-column elementor-element elementor-element-64f155b8 thsn-bg-color-over-image\" data-id=\"64f155b8\" data-element_type=\"column\">\n\t\t\t<div class=\"elementor-widget-wrap elementor-element-populated\">\n\t\t\t\t\t\t<div class=\"elementor-section elementor-inner-section elementor-element elementor-element-78b31687 thsn-col-stretched-none thsn-bg-color-over-image elementor-section-boxed elementor-section-height-default elementor-section-height-default\" data-id=\"78b31687\" data-element_type=\"section\">\n\t\t\t\t\t\t<div class=\"elementor-container elementor-column-gap-no\">\n\t\t\t\t\t<div class=\"elementor-column elementor-col-50 elementor-inner-column elementor-element elementor-element-7134b789 thsn-bg-color-over-image\" data-id=\"7134b789\" data-element_type=\"column\">\n\t\t\t<div class=\"elementor-widget-wrap elementor-element-populated\">\n\t\t\t\t\t\t<div class=\"elementor-element elementor-element-6750d619 elementor-widget elementor-widget-image\" data-id=\"6750d619\" data-element_type=\"widget\" data-widget_type=\"image.default\">\n\t\t\t\t<div class=\"elementor-widget-container\">\n\t\t\t\t\t\t\t\t\t\t\t\t\t<img fetchpriority=\"high\" decoding=\"async\" width=\"1600\" height=\"925\" src=\"https:\/\/www.solibra.com.tr\/wp-content\/uploads\/2023\/05\/solibra-denizyolu-tasimaciligi.png\" class=\"attachment-full size-full wp-image-460\" alt=\"\" srcset=\"https:\/\/www.solibra.com.tr\/wp-content\/uploads\/2023\/05\/solibra-denizyolu-tasimaciligi.png 1600w, https:\/\/www.solibra.com.tr\/wp-content\/uploads\/2023\/05\/solibra-denizyolu-tasimaciligi-300x173.png 300w, https:\/\/www.solibra.com.tr\/wp-content\/uploads\/2023\/05\/solibra-denizyolu-tasimaciligi-1024x592.png 1024w, https:\/\/www.solibra.com.tr\/wp-content\/uploads\/2023\/05\/solibra-denizyolu-tasimaciligi-768x444.png 768w, https:\/\/www.solibra.com.tr\/wp-content\/uploads\/2023\/05\/solibra-denizyolu-tasimaciligi-1536x888.png 1536w, https:\/\/www.solibra.com.tr\/wp-content\/uploads\/2023\/05\/solibra-denizyolu-tasimaciligi-770x445.png 770w\" sizes=\"(max-width: 1600px) 100vw, 1600px\" \/>\t\t\t\t\t\t\t\t\t\t\t\t\t<\/div>\n\t\t\t\t<\/div>\n\t\t\t\t\t<\/div>\n\t\t<\/div>\n\t\t\t\t<div class=\"elementor-column elementor-col-50 elementor-inner-column elementor-element elementor-element-18ac7c3 thsn-bg-color-over-image\" data-id=\"18ac7c3\" data-element_type=\"column\">\n\t\t\t<div class=\"elementor-widget-wrap elementor-element-populated\">\n\t\t\t\t\t\t<div class=\"elementor-element elementor-element-3715ab2f elementor-widget__width-initial thsn-align-left elementor-widget elementor-widget-thsn_heading\" data-id=\"3715ab2f\" data-element_type=\"widget\" data-widget_type=\"thsn_heading.default\">\n\t\t\t\t<div class=\"elementor-widget-container\">\n\t\t\t\t<div class=\"thsn-heading-subheading left-align \"><h2 class=\"thsn-element-title\">\r\n\t\t\t\r\n\t\t\t\t SOLIBRA LOGISTICS <span class=\"thsn-span-sec\"><\/span> \r\n\t\t\t\r\n\t\t\t<\/h2>\r\n\t\t<div class=\"thsn-heading-desc\">Como Solibra Log\u00edstica, atuamos no ramo de transporte mar\u00edtimo, a\u00e9reo, terrestre e rodovi\u00e1rio desde 2006, contando com uma equipe experiente e din\u00e2mica com mais de 40 anos de experi\u00eancia no setor. Estamos dando passos firmes e constantes para nos tornarmos um dos principais provedores log\u00edsticos do pa\u00eds.<\/div><\/div>\t\t<\/div>\n\t\t\t\t<\/div>\n\t\t\t\t\t<\/div>\n\t\t<\/div>\n\t\t\t\t\t<\/div>\n\t\t<\/div>\n\t\t\t\t<div class=\"elementor-section elementor-inner-section elementor-element elementor-element-54e3497e thsn-col-stretched-none thsn-bg-color-over-image elementor-section-boxed elementor-section-height-default elementor-section-height-default\" data-id=\"54e3497e\" data-element_type=\"section\">\n\t\t\t\t\t\t<div class=\"elementor-container elementor-column-gap-no\">\n\t\t\t\t\t<div class=\"elementor-column elementor-col-50 elementor-inner-column elementor-element elementor-element-2feb9d1c thsn-bg-color-over-image\" data-id=\"2feb9d1c\" data-element_type=\"column\">\n\t\t\t<div class=\"elementor-widget-wrap elementor-element-populated\">\n\t\t\t\t\t\t<div class=\"elementor-element elementor-element-124b8e66 elementor-widget elementor-widget-image\" data-id=\"124b8e66\" data-element_type=\"widget\" data-widget_type=\"image.default\">\n\t\t\t\t<div class=\"elementor-widget-container\">\n\t\t\t\t\t\t\t\t\t\t\t\t\t<img decoding=\"async\" width=\"2048\" height=\"1024\" src=\"https:\/\/www.solibra.com.tr\/wp-content\/uploads\/2023\/05\/solibra-hizmetler.jpeg\" class=\"attachment-full size-full wp-image-473\" alt=\"\" srcset=\"https:\/\/www.solibra.com.tr\/wp-content\/uploads\/2023\/05\/solibra-hizmetler.jpeg 2048w, https:\/\/www.solibra.com.tr\/wp-content\/uploads\/2023\/05\/solibra-hizmetler-300x150.jpeg 300w, https:\/\/www.solibra.com.tr\/wp-content\/uploads\/2023\/05\/solibra-hizmetler-1024x512.jpeg 1024w, https:\/\/www.solibra.com.tr\/wp-content\/uploads\/2023\/05\/solibra-hizmetler-768x384.jpeg 768w, https:\/\/www.solibra.com.tr\/wp-content\/uploads\/2023\/05\/solibra-hizmetler-1536x768.jpeg 1536w, https:\/\/www.solibra.com.tr\/wp-content\/uploads\/2023\/05\/solibra-hizmetler-770x385.jpeg 770w\" sizes=\"(max-width: 2048px) 100vw, 2048px\" \/>\t\t\t\t\t\t\t\t\t\t\t\t\t<\/div>\n\t\t\t\t<\/div>\n\t\t\t\t\t<\/div>\n\t\t<\/div>\n\t\t\t\t<div class=\"elementor-column elementor-col-50 elementor-inner-column elementor-element elementor-element-784a83fd thsn-bg-color-over-image\" data-id=\"784a83fd\" data-element_type=\"column\">\n\t\t\t<div class=\"elementor-widget-wrap elementor-element-populated\">\n\t\t\t\t\t\t<div class=\"elementor-element elementor-element-788f3616 thsn-align-left elementor-widget elementor-widget-thsn_custom_heading\" data-id=\"788f3616\" data-element_type=\"widget\" data-widget_type=\"thsn_custom_heading.default\">\n\t\t\t\t<div class=\"elementor-widget-container\">\n\t\t\t\t<div class=\"thsn-custom-heading left-align\"><h5 class=\"thsn-element-title\">\r\n\t\t\t\r\n\t\t\t\tOrientamos nossos parceiros de neg\u00f3cios, que confiam seus embarques \u00e0 Solibra Log\u00edstica, sobre os modais e servi\u00e7os de transporte mais adequados \u00e0s suas necessidades; trabalhamos arduamente para garantir embarques pontuais e sem problemas, independentemente da regi\u00e3o e do pa\u00eds.\r\n\t\t\t\r\n\t\t\t<\/h5>\r\n\t\t<\/div>\t\t<\/div>\n\t\t\t\t<\/div>\n\t\t\t\t<div class=\"elementor-element elementor-element-45edcd44 elementor-widget elementor-widget-text-editor\" data-id=\"45edcd44\" data-element_type=\"widget\" data-widget_type=\"text-editor.default\">\n\t\t\t\t<div class=\"elementor-widget-container\">\n\t\t\t\t\t\t\t<p>Em termos de transporte mar\u00edtimo, que \u00e9 o meio de transporte preferido no mundo devido ao seu baixo custo, fornecemos servi\u00e7os complexos com nossa equipe de especialistas. Temos uma ampla rede de ag\u00eancias em 195 pa\u00edses, acordos especiais de frete com armadores globais e locais e op\u00e7\u00f5es de prestamento de servi\u00e7o seguras, econ\u00f4micas e r\u00e1pidas para todas as suas remessas parciais, completas, de projeto e a granel.\u00a0<\/p>\t\t\t\t\t\t<\/div>\n\t\t\t\t<\/div>\n\t\t\t\t<div class=\"elementor-element elementor-element-68e9c417 elementor-widget elementor-widget-progress\" data-id=\"68e9c417\" data-element_type=\"widget\" data-widget_type=\"progress.default\">\n\t\t\t\t<div class=\"elementor-widget-container\">\n\t\t\t\t\t\t<span class=\"elementor-title\" id=\"elementor-progress-bar-68e9c417\">\n\t\t\t\tSistema de Controle de Qualidade\t\t\t<\/span>\n\t\t\n\t\t<div aria-labelledby=\"elementor-progress-bar-68e9c417\" class=\"elementor-progress-wrapper\" role=\"progressbar\" aria-valuemin=\"0\" aria-valuemax=\"100\" aria-valuenow=\"100\">\n\t\t\t<div class=\"elementor-progress-bar\" data-max=\"100\">\n\t\t\t\t<span class=\"elementor-progress-text\"><\/span>\n\t\t\t\t\t\t\t\t\t<span class=\"elementor-progress-percentage\">100%<\/span>\n\t\t\t\t\t\t\t<\/div>\n\t\t<\/div>\n\t\t\t\t<\/div>\n\t\t\t\t<\/div>\n\t\t\t\t<div class=\"elementor-element elementor-element-4eb1eb30 elementor-widget elementor-widget-progress\" data-id=\"4eb1eb30\" data-element_type=\"widget\" data-widget_type=\"progress.default\">\n\t\t\t\t<div class=\"elementor-widget-container\">\n\t\t\t\t\t\t<span class=\"elementor-title\" id=\"elementor-progress-bar-4eb1eb30\">\n\t\t\t\tEquipe Profissional\t\t\t<\/span>\n\t\t\n\t\t<div aria-labelledby=\"elementor-progress-bar-4eb1eb30\" class=\"elementor-progress-wrapper\" role=\"progressbar\" aria-valuemin=\"0\" aria-valuemax=\"100\" aria-valuenow=\"100\">\n\t\t\t<div class=\"elementor-progress-bar\" data-max=\"100\">\n\t\t\t\t<span class=\"elementor-progress-text\"><\/span>\n\t\t\t\t\t\t\t\t\t<span class=\"elementor-progress-percentage\">100%<\/span>\n\t\t\t\t\t\t\t<\/div>\n\t\t<\/div>\n\t\t\t\t<\/div>\n\t\t\t\t<\/div>\n\t\t\t\t\t<\/div>\n\t\t<\/div>\n\t\t\t\t\t<\/div>\n\t\t<\/div>\n\t\t\t\t\t<\/div>\n\t\t<\/div>\n\t\t\t\t\t<\/div>\n\t\t<\/section>\n\t\t\t\t<section class=\"elementor-section elementor-top-section elementor-element elementor-element-2c5f10e thsn-bg-color-yes thsn-elementor-bg-color-secondary thsn-text-color-white elementor-section-stretched thsn-col-stretched-none thsn-bg-color-over-image elementor-section-boxed elementor-section-height-default elementor-section-height-default\" data-id=\"2c5f10e\" data-element_type=\"section\" data-settings=\"{&quot;stretch_section&quot;:&quot;section-stretched&quot;,&quot;background_background&quot;:&quot;classic&quot;}\">\n\t\t\t\t\t\t<div class=\"elementor-container elementor-column-gap-no\">\n\t\t\t\t\t<div class=\"elementor-column elementor-col-100 elementor-top-column elementor-element elementor-element-4a34b93c thsn-bg-color-over-image\" data-id=\"4a34b93c\" data-element_type=\"column\">\n\t\t\t<div class=\"elementor-widget-wrap elementor-element-populated\">\n\t\t\t\t\t\t<div class=\"elementor-element elementor-element-ac63b66 thsn-align-left elementor-widget elementor-widget-thsn_heading\" data-id=\"ac63b66\" data-element_type=\"widget\" data-widget_type=\"thsn_heading.default\">\n\t\t\t\t<div class=\"elementor-widget-container\">\n\t\t\t\t<div class=\"thsn-heading-subheading left-align \"><h2 class=\"thsn-element-title\">\r\n\t\t\t\r\n\t\t\t\tPara o gerenciamento <span class=\"thsn-span-global\">log\u00edstico<br><\/span> de neg\u00f3cios multinacionais no mundo inteiro\r\n\t\t\t\r\n\t\t\t<\/h2>\r\n\t\t<\/div>\t\t<\/div>\n\t\t\t\t<\/div>\n\t\t\t\t<div class=\"elementor-element elementor-element-5e4494dd thsn-align-left elementor-widget elementor-widget-thsn_multiple_icon_heading\" data-id=\"5e4494dd\" data-element_type=\"widget\" data-widget_type=\"thsn_multiple_icon_heading.default\">\n\t\t\t\t<div class=\"elementor-widget-container\">\n\t\t\t<div class=\"themesion-element themesion-element-miconheading thsn-element-miconheading-style-14 themesion-element-viewtype-carousel thsn-infinite-scroll-no thsn-infinite-scroll-button-no\" data-cpt=\"miconheading\" data-totalpagination=\"1\" data-style=\"14\" data-show=\"3\" data-columns=\"4\" data-loop=\"false\" data-autoplay=\"false\" data-center=\"false\" data-nav=\"false\" data-dots=\"false\" data-autoplayspeed=\"1000\" data-margin=\"\"><div class=\"themesion-element-inner\">\r\n\t\t<div class=\"thsn-ele-header-area\">\r\n\t\t\t\t<div class=\"thsn-heading-subheading left-align \"><\/div>\t\t<\/div>\r\n\r\n\t\t<div class=\"thsn-element-posts-wrapper row multi-columns-row\">\r\n\r\n\t\t<article class=\"thsn-ele thsn-ele-miconheading thsn-miconheading-style-14 col-md-6 col-lg-3   \">\t\t\t\r\n\t\t\t\t\t<div class=\"thsn-ihbox thsn-ihbox-style-14\">\r\n\t\t\t\t\t\t<div class=\"thsn-ihbox-contents\">\r\n\t<div class=\"thsn-ihbox-headingicon\">\r\n\t<h2 class=\"thsn-element-title\">\r\n\t\t\t\t\t\t\t\r\n\t\t\t\t\t\t\t\tRastreamento online\r\n\t\t\t\t\t\t\t\r\n\t\t\t\t\t\t\t<\/h2>\r\n\t\t\t\t\t\t\t\r\n\t\t<div class=\"thsn-ihbox-contents\">\r\n\t\t\t<div class=\"thsn-ihbox-icon\"><div class=\"thsn-ihbox-icon-wrapper\"><i class=\"thsn-logisto-icon thsn-logisto-icon-route\"><\/i><\/div><\/div>\t\t\t\r\n\t\t\t\t\t\t\t\t\t\t\t<\/div><!-- .thsn-ihbox-contents -->\r\n\t<\/div>\r\n<\/div>\r\n\t\t\t\t\t<\/div>\r\n\r\n\t\t\t\t<\/article><article class=\"thsn-ele thsn-ele-miconheading thsn-miconheading-style-14 col-md-6 col-lg-3   \">\t\t\t\r\n\t\t\t\t\t<div class=\"thsn-ihbox thsn-ihbox-style-14\">\r\n\t\t\t\t\t\t<div class=\"thsn-ihbox-contents\">\r\n\t<div class=\"thsn-ihbox-headingicon\">\r\n\t<h2 class=\"thsn-element-title\">\r\n\t\t\t\t\t\t\t\r\n\t\t\t\t\t\t\t\tPre\u00e7o razo\u00e1vel\r\n\t\t\t\t\t\t\t\r\n\t\t\t\t\t\t\t<\/h2>\r\n\t\t\t\t\t\t\t\r\n\t\t<div class=\"thsn-ihbox-contents\">\r\n\t\t\t<div class=\"thsn-ihbox-icon\"><div class=\"thsn-ihbox-icon-wrapper\"><i class=\"thsn-logisto-icon thsn-logisto-icon-tag\"><\/i><\/div><\/div>\t\t\t\r\n\t\t\t\t\t\t\t\t\t\t\t<\/div><!-- .thsn-ihbox-contents -->\r\n\t<\/div>\r\n<\/div>\r\n\t\t\t\t\t<\/div>\r\n\r\n\t\t\t\t<\/article><article class=\"thsn-ele thsn-ele-miconheading thsn-miconheading-style-14 col-md-6 col-lg-3   \">\t\t\t\r\n\t\t\t\t\t<div class=\"thsn-ihbox thsn-ihbox-style-14\">\r\n\t\t\t\t\t\t<div class=\"thsn-ihbox-contents\">\r\n\t<div class=\"thsn-ihbox-headingicon\">\r\n\t<h2 class=\"thsn-element-title\">\r\n\t\t\t\t\t\t\t\r\n\t\t\t\t\t\t\t\tServi\u00e7os Pro\r\n\t\t\t\t\t\t\t\r\n\t\t\t\t\t\t\t<\/h2>\r\n\t\t\t\t\t\t\t\r\n\t\t<div class=\"thsn-ihbox-contents\">\r\n\t\t\t<div class=\"thsn-ihbox-icon\"><div class=\"thsn-ihbox-icon-wrapper\"><i class=\"fas fa-project-diagram\"><\/i><\/div><\/div>\t\t\t\r\n\t\t\t\t\t\t\t\t\t\t\t<\/div><!-- .thsn-ihbox-contents -->\r\n\t<\/div>\r\n<\/div>\r\n\t\t\t\t\t<\/div>\r\n\r\n\t\t\t\t<\/article><article class=\"thsn-ele thsn-ele-miconheading thsn-miconheading-style-14 col-md-6 col-lg-3   \">\t\t\t\r\n\t\t\t\t\t<div class=\"thsn-ihbox thsn-ihbox-style-14\">\r\n\t\t\t\t\t\t<div class=\"thsn-ihbox-contents\">\r\n\t<div class=\"thsn-ihbox-headingicon\">\r\n\t<h2 class=\"thsn-element-title\">\r\n\t\t\t\t\t\t\t\r\n\t\t\t\t\t\t\t\tEntrega r\u00e1pida\r\n\t\t\t\t\t\t\t\r\n\t\t\t\t\t\t\t<\/h2>\r\n\t\t\t\t\t\t\t\r\n\t\t<div class=\"thsn-ihbox-contents\">\r\n\t\t\t<div class=\"thsn-ihbox-icon\"><div class=\"thsn-ihbox-icon-wrapper\"><i class=\"fas fa-shipping-fast\"><\/i><\/div><\/div>\t\t\t\r\n\t\t\t\t\t\t\t\t\t\t\t<\/div><!-- .thsn-ihbox-contents -->\r\n\t<\/div>\r\n<\/div>\r\n\t\t\t\t\t<\/div>\r\n\r\n\t\t\t\t<\/article>\r\n\t\t<\/div>\r\n\r\n\t\t<\/div><!-- .themesion-element-inner -->   <\/div><!-- .themesion-element -->  \t\t<\/div>\n\t\t\t\t<\/div>\n\t\t\t\t<div class=\"elementor-element elementor-element-56defcae elementor-view-stacked elementor-shape-square thsn-global-color-box2 thsn-lightbox-video elementor-widget__width-auto elementor-absolute elementor-widget elementor-widget-icon\" data-id=\"56defcae\" data-element_type=\"widget\" data-settings=\"{&quot;_position&quot;:&quot;absolute&quot;}\" data-widget_type=\"icon.default\">\n\t\t\t\t<div class=\"elementor-widget-container\">\n\t\t\t\t\t<div class=\"elementor-icon-wrapper\">\n\t\t\t<a class=\"elementor-icon\" href=\"https:\/\/www.youtube.com\/watch?v=waBUdHnaqd8\">\n\t\t\t<i aria-hidden=\"true\" class=\"fas fa-play\"><\/i>\t\t\t<\/a>\n\t\t<\/div>\n\t\t\t\t<\/div>\n\t\t\t\t<\/div>\n\t\t\t\t\t<\/div>\n\t\t<\/div>\n\t\t\t\t\t<\/div>\n\t\t<\/section>\n\t\t\t\t<div class=\"elementor-section elementor-top-section elementor-element elementor-element-67e264bd elementor-section-full_width elementor-section-stretched thsn-col-stretched-none thsn-bg-color-over-image elementor-section-height-default elementor-section-height-default\" data-id=\"67e264bd\" data-element_type=\"section\" data-settings=\"{&quot;stretch_section&quot;:&quot;section-stretched&quot;}\">\n\t\t\t\t\t\t<div class=\"elementor-container elementor-column-gap-no\">\n\t\t\t\t\t<div class=\"elementor-column elementor-col-100 elementor-top-column elementor-element elementor-element-5e8e4d6b thsn-bg-color-over-image\" data-id=\"5e8e4d6b\" data-element_type=\"column\">\n\t\t\t<div class=\"elementor-widget-wrap\">\n\t\t\t\t\t\t\t<\/div>\n\t\t<\/div>\n\t\t\t\t\t<\/div>\n\t\t<\/div>\n\t\t\t\t<section class=\"elementor-section elementor-top-section elementor-element elementor-element-4eb0684 thsn-col-stretched-none thsn-bg-color-over-image elementor-section-boxed elementor-section-height-default elementor-section-height-default\" data-id=\"4eb0684\" data-element_type=\"section\">\n\t\t\t\t\t\t<div class=\"elementor-container elementor-column-gap-no\">\n\t\t\t\t\t<div class=\"elementor-column elementor-col-100 elementor-top-column elementor-element elementor-element-3630f558 thsn-bg-color-over-image\" data-id=\"3630f558\" data-element_type=\"column\">\n\t\t\t<div class=\"elementor-widget-wrap elementor-element-populated\">\n\t\t\t\t\t\t<div class=\"elementor-element elementor-element-5fd0b2ff thsn-align-center elementor-widget elementor-widget-thsn_team_element\" data-id=\"5fd0b2ff\" data-element_type=\"widget\" data-widget_type=\"thsn_team_element.default\">\n\t\t\t\t<div class=\"elementor-widget-container\">\n\t\t\t\r\n\t\t<div class=\"themesion-element themesion-element-team thsn-element-team-style-1 themesion-element-viewtype-row-column themesion-gap-30px thsn-infinite-scroll-no thsn-infinite-scroll-button-no\" data-cpt=\"team\" data-totalpagination=\"10\" data-style=\"1\" data-show=\"4\" data-columns=\"4\" data-loop=\"false\" data-autoplay=\"false\" data-center=\"false\" data-nav=\"false\" data-dots=\"false\" data-autoplayspeed=\"1000\" data-margin=\"30px\"><div class=\"themesion-element-inner\"><div class=\"thsn-infinite-scroll-data\">{\"cpt\":\"team\",\"style\":\"1\",\"columns\":\"4\",\"show\":4,\"order\":\"DESC\",\"orderby\":\"none\"}<\/div>\r\n\t\t\t<div class=\"thsn-ele-header-area\">\r\n\t\t\t\t\t<div class=\"thsn-heading-subheading center-align \"><h2 class=\"thsn-element-title\">\r\n\t\t\t\r\n\t\t\t\tMeet Our <span class=\"thsn-span-sec\">Special Support <\/span><br>Team Members!\r\n\t\t\t\r\n\t\t\t<\/h2>\r\n\t\t<\/div>\r\n\t\t\t\t\r\n\t\t\t<\/div>\r\n\r\n\t\t\t<div class=\"thsn-element-posts-wrapper row multi-columns-row\">\r\n\r\n\t\t\t<article class=\"thsn-ele thsn-ele-team thsn-team-style-1 col-md-6 col-lg-3 idari-isler thsn-term-130  \"><div class=\"themesion-post-item\">\r\n\t<div class=\"themesion-team-image-box\">\t\t\r\n\t\t<div class=\"thsn-featured-wrapper\"><a href=\"https:\/\/www.solibra.com.tr\/?thsn-team-member=ziya-guler-tr&amp;lang=tr\"><img decoding=\"async\" width=\"540\" height=\"500\" src=\"https:\/\/www.solibra.com.tr\/wp-content\/uploads\/2023\/07\/Ziya-GULER-540x500.jpg\" class=\"attachment-thsn-img-540x500 size-thsn-img-540x500 wp-post-image\" alt=\"\" \/><\/a><\/div>\t<\/div>\r\n\t<div class=\"themesion-box-content\">\t\r\n\t\t<div class=\"thsn-member-social\">\r\n\t\t\t<div class=\"thsn-team-btn\"> \r\n\t\t\t\t<a class=\"thsn-team-text\" href=\"#\"><i class=\"thsn-base-icon-plus-symbol-button\"><\/i><\/a>\r\n\t\t\t<\/div>\r\n\t\t\t<div class=\"themesion-box-social-links\"><\/div>\t\r\n\t\t<\/div>\r\n\t\t<div class=\"thsn-member-content\">\r\n\t\t\t<div class=\"themesion-box-team-position-wrap\">\r\n\t\t\t\t\t\t<div class=\"themesion-box-team-position\">Y\u00d6NET\u0130M<\/div>\r\n\t\t\t\t\t<\/div>\r\n\t\t\t<h3 class=\"thsn-team-title\"><a href=\"https:\/\/www.solibra.com.tr\/?thsn-team-member=ziya-guler-tr&#038;lang=tr\">Ziya G\u00dcLER<\/a><\/h3>\t\r\n\t\t<\/div>\r\n\t<\/div>\t\r\n<\/div>\r\n<\/article><article class=\"thsn-ele thsn-ele-team thsn-team-style-1 col-md-6 col-lg-3 staff thsn-term-137  \"><div class=\"themesion-post-item\">\r\n\t<div class=\"themesion-team-image-box\">\t\t\r\n\t\t<div class=\"thsn-featured-wrapper\"><a href=\"https:\/\/www.solibra.com.tr\/?thsn-team-member=ziya-guler\"><img decoding=\"async\" width=\"540\" height=\"500\" src=\"https:\/\/www.solibra.com.tr\/wp-content\/uploads\/2023\/07\/Ziya-GULER-540x500.jpg\" class=\"attachment-thsn-img-540x500 size-thsn-img-540x500 wp-post-image\" alt=\"\" \/><\/a><\/div>\t<\/div>\r\n\t<div class=\"themesion-box-content\">\t\r\n\t\t<div class=\"thsn-member-social\">\r\n\t\t\t<div class=\"thsn-team-btn\"> \r\n\t\t\t\t<a class=\"thsn-team-text\" href=\"#\"><i class=\"thsn-base-icon-plus-symbol-button\"><\/i><\/a>\r\n\t\t\t<\/div>\r\n\t\t\t<div class=\"themesion-box-social-links\"><\/div>\t\r\n\t\t<\/div>\r\n\t\t<div class=\"thsn-member-content\">\r\n\t\t\t<div class=\"themesion-box-team-position-wrap\">\r\n\t\t\t\t\t\t<div class=\"themesion-box-team-position\">ADMINISTRATIVE <\/div>\r\n\t\t\t\t\t<\/div>\r\n\t\t\t<h3 class=\"thsn-team-title\"><a href=\"https:\/\/www.solibra.com.tr\/?thsn-team-member=ziya-guler\">Ziya G\u00dcLER<\/a><\/h3>\t\r\n\t\t<\/div>\r\n\t<\/div>\t\r\n<\/div>\r\n<\/article><article class=\"thsn-ele thsn-ele-team thsn-team-style-1 col-md-6 col-lg-3 documentation thsn-term-118  \"><div class=\"themesion-post-item\">\r\n\t<div class=\"themesion-team-image-box\">\t\t\r\n\t\t<div class=\"thsn-featured-wrapper\"><a href=\"https:\/\/www.solibra.com.tr\/?thsn-team-member=furkan-dedeoglu-2\"><img loading=\"lazy\" decoding=\"async\" width=\"540\" height=\"500\" src=\"https:\/\/www.solibra.com.tr\/wp-content\/uploads\/2023\/07\/Furkan-Dedeoglu-540x500.jpg\" class=\"attachment-thsn-img-540x500 size-thsn-img-540x500 wp-post-image\" alt=\"\" \/><\/a><\/div>\t<\/div>\r\n\t<div class=\"themesion-box-content\">\t\r\n\t\t<div class=\"thsn-member-social\">\r\n\t\t\t<div class=\"thsn-team-btn\"> \r\n\t\t\t\t<a class=\"thsn-team-text\" href=\"#\"><i class=\"thsn-base-icon-plus-symbol-button\"><\/i><\/a>\r\n\t\t\t<\/div>\r\n\t\t\t<div class=\"themesion-box-social-links\"><\/div>\t\r\n\t\t<\/div>\r\n\t\t<div class=\"thsn-member-content\">\r\n\t\t\t<div class=\"themesion-box-team-position-wrap\">\r\n\t\t\t\t\t\t<div class=\"themesion-box-team-position\">DOCUMENTATION REPRESENTATIVE<\/div>\r\n\t\t\t\t\t<\/div>\r\n\t\t\t<h3 class=\"thsn-team-title\"><a href=\"https:\/\/www.solibra.com.tr\/?thsn-team-member=furkan-dedeoglu-2\">Furkan DEDEO\u011eLU<\/a><\/h3>\t\r\n\t\t<\/div>\r\n\t<\/div>\t\r\n<\/div>\r\n<\/article><article class=\"thsn-ele thsn-ele-team thsn-team-style-1 col-md-6 col-lg-3 dokumantasyon thsn-term-120  \"><div class=\"themesion-post-item\">\r\n\t<div class=\"themesion-team-image-box\">\t\t\r\n\t\t<div class=\"thsn-featured-wrapper\"><a href=\"https:\/\/www.solibra.com.tr\/?thsn-team-member=furkan-dedeoglu&amp;lang=tr\"><img loading=\"lazy\" decoding=\"async\" width=\"540\" height=\"500\" src=\"https:\/\/www.solibra.com.tr\/wp-content\/uploads\/2023\/07\/Furkan-Dedeoglu-540x500.jpg\" class=\"attachment-thsn-img-540x500 size-thsn-img-540x500 wp-post-image\" alt=\"\" \/><\/a><\/div>\t<\/div>\r\n\t<div class=\"themesion-box-content\">\t\r\n\t\t<div class=\"thsn-member-social\">\r\n\t\t\t<div class=\"thsn-team-btn\"> \r\n\t\t\t\t<a class=\"thsn-team-text\" href=\"#\"><i class=\"thsn-base-icon-plus-symbol-button\"><\/i><\/a>\r\n\t\t\t<\/div>\r\n\t\t\t<div class=\"themesion-box-social-links\"><\/div>\t\r\n\t\t<\/div>\r\n\t\t<div class=\"thsn-member-content\">\r\n\t\t\t<div class=\"themesion-box-team-position-wrap\">\r\n\t\t\t\t\t\t<div class=\"themesion-box-team-position\">DOK\u00dcMANTASYON TEMS\u0130LC\u0130S\u0130<\/div>\r\n\t\t\t\t\t<\/div>\r\n\t\t\t<h3 class=\"thsn-team-title\"><a href=\"https:\/\/www.solibra.com.tr\/?thsn-team-member=furkan-dedeoglu&#038;lang=tr\">Furkan DEDEO\u011eLU<\/a><\/h3>\t\r\n\t\t<\/div>\r\n\t<\/div>\t\r\n<\/div>\r\n<\/article>\r\n\t\t\t<\/div>\r\n\r\n\t\t\t\r\n\t\t\r\n\t\t\r\n\t\t<\/div><!-- .themesion-element-inner -->   <\/div><!-- .themesion-element -->  \r\n\t    \t\t<\/div>\n\t\t\t\t<\/div>\n\t\t\t\t\t<\/div>\n\t\t<\/div>\n\t\t\t\t\t<\/div>\n\t\t<\/section>\n\t\t\t\t<\/div>\n\t\t","protected":false},"excerpt":{"rendered":"<p>SOLIBRA LOGISTICS Como Solibra Log\u00edstica, atuamos no ramo de transporte mar\u00edtimo, a\u00e9reo, terrestre e rodovi\u00e1rio desde 2006, contando com uma equipe experiente e din\u00e2mica com mais de 40 anos de experi\u00eancia no setor. Estamos dando passos firmes e constantes para nos tornarmos um dos principais provedores log\u00edsticos do pa\u00eds. Orientamos nossos parceiros de neg\u00f3cios, que confiam seus embarques \u00e0 Solibra Log\u00edstica, sobre os modais e servi\u00e7os de transporte mais adequados[&hellip;]<\/p>\n","protected":false},"author":1,"featured_media":0,"parent":0,"menu_order":0,"comment_status":"closed","ping_status":"closed","template":"","meta":{"_acf_changed":false,"footnotes":""},"class_list":["post-1377","page","type-page","status-publish","hentry"],"acf":[],"_links":{"self":[{"href":"https:\/\/www.solibra.com.tr\/index.php?rest_route=\/wp\/v2\/pages\/1377","targetHints":{"allow":["GET"]}}],"collection":[{"href":"https:\/\/www.solibra.com.tr\/index.php?rest_route=\/wp\/v2\/pages"}],"about":[{"href":"https:\/\/www.solibra.com.tr\/index.php?rest_route=\/wp\/v2\/types\/page"}],"author":[{"embeddable":true,"href":"https:\/\/www.solibra.com.tr\/index.php?rest_route=\/wp\/v2\/users\/1"}],"replies":[{"embeddable":true,"href":"https:\/\/www.solibra.com.tr\/index.php?rest_route=%2Fwp%2Fv2%2Fcomments&post=1377"}],"version-history":[{"count":5,"href":"https:\/\/www.solibra.com.tr\/index.php?rest_route=\/wp\/v2\/pages\/1377\/revisions"}],"predecessor-version":[{"id":1384,"href":"https:\/\/www.solibra.com.tr\/index.php?rest_route=\/wp\/v2\/pages\/1377\/revisions\/1384"}],"wp:attachment":[{"href":"https:\/\/www.solibra.com.tr\/index.php?rest_route=%2Fwp%2Fv2%2Fmedia&parent=1377"}],"curies":[{"name":"wp","href":"https:\/\/api.w.org\/{rel}","templated":true}]}}