{"id":1454,"date":"2021-10-28T04:10:07","date_gmt":"2021-10-28T04:10:07","guid":{"rendered":"https:\/\/test.solibra.com.tr\/?page_id=1454"},"modified":"2025-12-24T07:34:02","modified_gmt":"2025-12-24T07:34:02","slug":"contato","status":"publish","type":"page","link":"https:\/\/www.solibra.com.tr\/?page_id=1454&lang=pt","title":{"rendered":"Contato"},"content":{"rendered":"\t\t<div data-elementor-type=\"wp-page\" data-elementor-id=\"1454\" class=\"elementor elementor-1454\">\n\t\t\t\t\t\t<section class=\"elementor-section elementor-top-section elementor-element elementor-element-7d1e4484 thsn-col-stretched-none thsn-bg-color-over-image elementor-section-boxed elementor-section-height-default elementor-section-height-default\" data-id=\"7d1e4484\" data-element_type=\"section\">\n\t\t\t\t\t\t<div class=\"elementor-container elementor-column-gap-no\">\n\t\t\t\t\t<div class=\"elementor-column elementor-col-33 elementor-top-column elementor-element elementor-element-4dd6ea68 thsn-bg-color-yes thsn-elementor-bg-color-secondary thsn-bg-color-over-image\" data-id=\"4dd6ea68\" data-element_type=\"column\">\n\t\t\t<div class=\"elementor-widget-wrap elementor-element-populated\">\n\t\t\t\t\t\t<div class=\"elementor-element elementor-element-6e77e521 elementor-widget elementor-widget-thsn_icon_heading\" data-id=\"6e77e521\" data-element_type=\"widget\" data-widget_type=\"thsn_icon_heading.default\">\n\t\t\t\t<div class=\"elementor-widget-container\">\n\t\t\t<div class=\"thsn-ihbox thsn-ihbox-style-15\">\r\n<div class=\"thsn-ihbox-box\">\r\n\t<div class=\"thsn-ihbox-icon\"><div class=\"thsn-ihbox-icon-wrapper\"><i class=\"thsn-logisto-icon thsn-logisto-icon-placeholder\"><\/i><\/div><\/div>\t\r\n\t<div class=\"thsn-ihbox-contents\">\t\r\n\t\t<h2 class=\"thsn-element-title\">\r\n\t\t\t\t\t\r\n\t\t\t\t\t\tEndere\u00e7o\r\n\t\t\t\t\t\r\n\t\t\t\t\t<\/h2>\r\n\t\t\t\t\t\r\n\t\t\t\t<div class=\"thsn-heading-desc\">Vogue Bus\u0131ness Centre\nK\u00fc\u00e7\u00fckbakkalk\u00f6y Mah,\nMerdivenkoy Caddesi.Ruya Sokak.\nNo:12-18 Kat:9 No:40 34750<\/div>\t\t\t<\/div><!-- .thsn-ihbox-contents -->\r\n<\/div><\/div>\t\t<\/div>\n\t\t\t\t<\/div>\n\t\t\t\t\t<\/div>\n\t\t<\/div>\n\t\t\t\t<div class=\"elementor-column elementor-col-33 elementor-top-column elementor-element elementor-element-f27fb82 thsn-bg-color-yes thsn-elementor-bg-color-secondary thsn-bg-color-over-image\" data-id=\"f27fb82\" data-element_type=\"column\">\n\t\t\t<div class=\"elementor-widget-wrap elementor-element-populated\">\n\t\t\t\t\t\t<div class=\"elementor-element elementor-element-45b50c78 elementor-widget elementor-widget-thsn_icon_heading\" data-id=\"45b50c78\" data-element_type=\"widget\" data-widget_type=\"thsn_icon_heading.default\">\n\t\t\t\t<div class=\"elementor-widget-container\">\n\t\t\t<div class=\"thsn-ihbox thsn-ihbox-style-15\">\r\n<div class=\"thsn-ihbox-box\">\r\n\t<div class=\"thsn-ihbox-icon\"><div class=\"thsn-ihbox-icon-wrapper\"><i class=\"thsn-logisto-icon thsn-logisto-icon-telephone\"><\/i><\/div><\/div>\t\r\n\t<div class=\"thsn-ihbox-contents\">\t\r\n\t\t<h2 class=\"thsn-element-title\">\r\n\t\t\t\t\t\r\n\t\t\t\t\t\tTelefone\r\n\t\t\t\t\t\r\n\t\t\t\t\t<\/h2>\r\n\t\t\t\t\t\r\n\t\t\t\t<div class=\"thsn-heading-desc\">+ 90 216 416 30 62<br>\n<\/div>\t\t\t<\/div><!-- .thsn-ihbox-contents -->\r\n<\/div><\/div>\t\t<\/div>\n\t\t\t\t<\/div>\n\t\t\t\t\t<\/div>\n\t\t<\/div>\n\t\t\t\t<div class=\"elementor-column elementor-col-33 elementor-top-column elementor-element elementor-element-ee21cb thsn-bg-color-yes thsn-elementor-bg-color-secondary thsn-bg-color-over-image\" data-id=\"ee21cb\" data-element_type=\"column\">\n\t\t\t<div class=\"elementor-widget-wrap elementor-element-populated\">\n\t\t\t\t\t\t<div class=\"elementor-element elementor-element-5ee76c19 elementor-widget elementor-widget-thsn_icon_heading\" data-id=\"5ee76c19\" data-element_type=\"widget\" data-widget_type=\"thsn_icon_heading.default\">\n\t\t\t\t<div class=\"elementor-widget-container\">\n\t\t\t<div class=\"thsn-ihbox thsn-ihbox-style-15\">\r\n<div class=\"thsn-ihbox-box\">\r\n\t<div class=\"thsn-ihbox-icon\"><div class=\"thsn-ihbox-icon-wrapper\"><i class=\"thsn-logisto-icon thsn-logisto-icon-mail-send\"><\/i><\/div><\/div>\t\r\n\t<div class=\"thsn-ihbox-contents\">\t\r\n\t\t<h2 class=\"thsn-element-title\">\r\n\t\t\t\t\t\r\n\t\t\t\t\t\tEndere\u00e7o de email\r\n\t\t\t\t\t\r\n\t\t\t\t\t<\/h2>\r\n\t\t\t\t\t\r\n\t\t\t\t<div class=\"thsn-heading-desc\">info@solibra.com.tr\n<\/div>\t\t\t<\/div><!-- .thsn-ihbox-contents -->\r\n<\/div><\/div>\t\t<\/div>\n\t\t\t\t<\/div>\n\t\t\t\t\t<\/div>\n\t\t<\/div>\n\t\t\t\t\t<\/div>\n\t\t<\/section>\n\t\t\t\t<section class=\"elementor-section elementor-top-section elementor-element elementor-element-bc1415f elementor-section-full_width elementor-section-stretched thsn-col-stretched-none thsn-bg-color-over-image elementor-section-height-default elementor-section-height-default\" data-id=\"bc1415f\" data-element_type=\"section\" data-settings=\"{&quot;stretch_section&quot;:&quot;section-stretched&quot;}\">\n\t\t\t\t\t\t<div class=\"elementor-container elementor-column-gap-default\">\n\t\t\t\t\t<div class=\"elementor-column elementor-col-100 elementor-top-column elementor-element elementor-element-3adee35 thsn-bg-color-over-image\" data-id=\"3adee35\" data-element_type=\"column\">\n\t\t\t<div class=\"elementor-widget-wrap elementor-element-populated\">\n\t\t\t\t\t\t<div class=\"elementor-element elementor-element-1ebecf1 elementor-widget elementor-widget-text-editor\" data-id=\"1ebecf1\" data-element_type=\"widget\" data-widget_type=\"text-editor.default\">\n\t\t\t\t<div class=\"elementor-widget-container\">\n\t\t\t\t\t\t\t<p><iframe style=\"border: 0;\" src=\"https:\/\/www.google.com\/maps\/embed?pb=!1m14!1m8!1m3!1d1506.0038049472525!2d29.1069999!3d40.9813142!3m2!1i1024!2i768!4f13.1!3m3!1m2!1s0x14cac65afd066f53%3A0x7ccdbe7f71731e3d!2sSolibra%20Lojistik%20Hizmetleri%20A.%C5%9E.!5e0!3m2!1str!2str!4v1685093720564!5m2!1str!2str\" width=\"600\" height=\"450\" allowfullscreen=\"allowfullscreen\"><\/iframe><\/p>\t\t\t\t\t\t<\/div>\n\t\t\t\t<\/div>\n\t\t\t\t\t<\/div>\n\t\t<\/div>\n\t\t\t\t\t<\/div>\n\t\t<\/section>\n\t\t\t\t<\/div>\n\t\t","protected":false},"excerpt":{"rendered":"<p>Endere\u00e7o Vogue Bus\u0131ness Centre K\u00fc\u00e7\u00fckbakkalk\u00f6y Mah, Merdivenkoy Caddesi.Ruya Sokak. No:12-18 Kat:9 No:40 34750 Telefone + 90 216 416 30 62 Endere\u00e7o de email info@solibra.com.tr<\/p>\n","protected":false},"author":1,"featured_media":0,"parent":0,"menu_order":0,"comment_status":"closed","ping_status":"closed","template":"","meta":{"_acf_changed":false,"footnotes":""},"class_list":["post-1454","page","type-page","status-publish","hentry"],"acf":[],"_links":{"self":[{"href":"https:\/\/www.solibra.com.tr\/index.php?rest_route=\/wp\/v2\/pages\/1454","targetHints":{"allow":["GET"]}}],"collection":[{"href":"https:\/\/www.solibra.com.tr\/index.php?rest_route=\/wp\/v2\/pages"}],"about":[{"href":"https:\/\/www.solibra.com.tr\/index.php?rest_route=\/wp\/v2\/types\/page"}],"author":[{"embeddable":true,"href":"https:\/\/www.solibra.com.tr\/index.php?rest_route=\/wp\/v2\/users\/1"}],"replies":[{"embeddable":true,"href":"https:\/\/www.solibra.com.tr\/index.php?rest_route=%2Fwp%2Fv2%2Fcomments&post=1454"}],"version-history":[{"count":13,"href":"https:\/\/www.solibra.com.tr\/index.php?rest_route=\/wp\/v2\/pages\/1454\/revisions"}],"predecessor-version":[{"id":2167,"href":"https:\/\/www.solibra.com.tr\/index.php?rest_route=\/wp\/v2\/pages\/1454\/revisions\/2167"}],"wp:attachment":[{"href":"https:\/\/www.solibra.com.tr\/index.php?rest_route=%2Fwp%2Fv2%2Fmedia&parent=1454"}],"curies":[{"name":"wp","href":"https:\/\/api.w.org\/{rel}","templated":true}]}}