{"id":430,"date":"2021-10-28T04:10:07","date_gmt":"2021-10-28T04:10:07","guid":{"rendered":"https:\/\/test.solibra.com.tr\/?page_id=430"},"modified":"2026-03-03T12:08:48","modified_gmt":"2026-03-03T12:08:48","slug":"iletisim","status":"publish","type":"page","link":"https:\/\/www.solibra.com.tr\/?page_id=430&lang=tr","title":{"rendered":"\u0130leti\u015fim"},"content":{"rendered":"\t\t<div data-elementor-type=\"wp-page\" data-elementor-id=\"430\" class=\"elementor elementor-430\">\n\t\t\t\t\t\t<section class=\"elementor-section elementor-top-section elementor-element elementor-element-7d1e4484 thsn-col-stretched-none thsn-bg-color-over-image elementor-section-boxed elementor-section-height-default elementor-section-height-default\" data-id=\"7d1e4484\" data-element_type=\"section\">\n\t\t\t\t\t\t<div class=\"elementor-container elementor-column-gap-no\">\n\t\t\t\t\t<div class=\"elementor-column elementor-col-33 elementor-top-column elementor-element elementor-element-4dd6ea68 thsn-bg-color-yes thsn-elementor-bg-color-secondary thsn-bg-color-over-image\" data-id=\"4dd6ea68\" data-element_type=\"column\">\n\t\t\t<div class=\"elementor-widget-wrap elementor-element-populated\">\n\t\t\t\t\t\t<div class=\"elementor-element elementor-element-6e77e521 elementor-widget elementor-widget-thsn_icon_heading\" data-id=\"6e77e521\" data-element_type=\"widget\" data-widget_type=\"thsn_icon_heading.default\">\n\t\t\t\t<div class=\"elementor-widget-container\">\n\t\t\t<div class=\"thsn-ihbox thsn-ihbox-style-15\">\r\n<div class=\"thsn-ihbox-box\">\r\n\t<div class=\"thsn-ihbox-icon\"><div class=\"thsn-ihbox-icon-wrapper\"><i class=\"thsn-logisto-icon thsn-logisto-icon-placeholder\"><\/i><\/div><\/div>\t\r\n\t<div class=\"thsn-ihbox-contents\">\t\r\n\t\t<h2 class=\"thsn-element-title\">\r\n\t\t\t\t\t\r\n\t\t\t\t\t\tAdres\r\n\t\t\t\t\t\r\n\t\t\t\t\t<\/h2>\r\n\t\t\t\t\t\r\n\t\t\t\t<div class=\"thsn-heading-desc\">VOGUE BUSINESS CENTRE\nK\u00dc\u00c7\u00dcKBAKKALK\u00d6Y MAH,\nMERD\u0130VENKOY CADDES\u0130.RUYA SOKAK.\nNO:12-18 KAT:9 NO:40 34750\n<\/div>\t\t\t<\/div><!-- .thsn-ihbox-contents -->\r\n<\/div><\/div>\t\t<\/div>\n\t\t\t\t<\/div>\n\t\t\t\t\t<\/div>\n\t\t<\/div>\n\t\t\t\t<div class=\"elementor-column elementor-col-33 elementor-top-column elementor-element elementor-element-f27fb82 thsn-bg-color-yes thsn-elementor-bg-color-secondary thsn-bg-color-over-image\" data-id=\"f27fb82\" data-element_type=\"column\">\n\t\t\t<div class=\"elementor-widget-wrap elementor-element-populated\">\n\t\t\t\t\t\t<div class=\"elementor-element elementor-element-45b50c78 elementor-widget elementor-widget-thsn_icon_heading\" data-id=\"45b50c78\" data-element_type=\"widget\" data-widget_type=\"thsn_icon_heading.default\">\n\t\t\t\t<div class=\"elementor-widget-container\">\n\t\t\t<div class=\"thsn-ihbox thsn-ihbox-style-15\">\r\n<div class=\"thsn-ihbox-box\">\r\n\t<div class=\"thsn-ihbox-icon\"><div class=\"thsn-ihbox-icon-wrapper\"><i class=\"thsn-logisto-icon thsn-logisto-icon-telephone\"><\/i><\/div><\/div>\t\r\n\t<div class=\"thsn-ihbox-contents\">\t\r\n\t\t<h2 class=\"thsn-element-title\">\r\n\t\t\t\t\t\r\n\t\t\t\t\t\tTelefon\r\n\t\t\t\t\t\r\n\t\t\t\t\t<\/h2>\r\n\t\t\t\t\t\r\n\t\t\t\t<div class=\"thsn-heading-desc\">+ 90 216 416 30 62<br>\n<\/div>\t\t\t<\/div><!-- .thsn-ihbox-contents -->\r\n<\/div><\/div>\t\t<\/div>\n\t\t\t\t<\/div>\n\t\t\t\t\t<\/div>\n\t\t<\/div>\n\t\t\t\t<div class=\"elementor-column elementor-col-33 elementor-top-column elementor-element elementor-element-ee21cb thsn-bg-color-yes thsn-elementor-bg-color-secondary thsn-bg-color-over-image\" data-id=\"ee21cb\" data-element_type=\"column\">\n\t\t\t<div class=\"elementor-widget-wrap elementor-element-populated\">\n\t\t\t\t\t\t<div class=\"elementor-element elementor-element-5ee76c19 elementor-widget elementor-widget-thsn_icon_heading\" data-id=\"5ee76c19\" data-element_type=\"widget\" data-widget_type=\"thsn_icon_heading.default\">\n\t\t\t\t<div class=\"elementor-widget-container\">\n\t\t\t<div class=\"thsn-ihbox thsn-ihbox-style-15\">\r\n<div class=\"thsn-ihbox-box\">\r\n\t<div class=\"thsn-ihbox-icon\"><div class=\"thsn-ihbox-icon-wrapper\"><i class=\"thsn-logisto-icon thsn-logisto-icon-mail-send\"><\/i><\/div><\/div>\t\r\n\t<div class=\"thsn-ihbox-contents\">\t\r\n\t\t<h2 class=\"thsn-element-title\">\r\n\t\t\t\t\t\r\n\t\t\t\t\t\tE-Posta Adresi\r\n\t\t\t\t\t\r\n\t\t\t\t\t<\/h2>\r\n\t\t\t\t\t\r\n\t\t\t\t<div class=\"thsn-heading-desc\">info@solibra.com.tr\n<\/div>\t\t\t<\/div><!-- .thsn-ihbox-contents -->\r\n<\/div><\/div>\t\t<\/div>\n\t\t\t\t<\/div>\n\t\t\t\t\t<\/div>\n\t\t<\/div>\n\t\t\t\t\t<\/div>\n\t\t<\/section>\n\t\t\t\t<section class=\"elementor-section elementor-top-section elementor-element elementor-element-16ecc10 thsn-col-stretched-none thsn-bg-color-over-image elementor-section-boxed elementor-section-height-default elementor-section-height-default\" data-id=\"16ecc10\" data-element_type=\"section\">\n\t\t\t\t\t\t<div class=\"elementor-container elementor-column-gap-no\">\n\t\t\t\t\t<div class=\"elementor-column elementor-col-33 elementor-top-column elementor-element elementor-element-d64282e thsn-bg-color-yes thsn-elementor-bg-color-secondary thsn-bg-color-over-image\" data-id=\"d64282e\" data-element_type=\"column\">\n\t\t\t<div class=\"elementor-widget-wrap elementor-element-populated\">\n\t\t\t\t\t\t<div class=\"elementor-element elementor-element-239f3fc elementor-widget elementor-widget-thsn_icon_heading\" data-id=\"239f3fc\" data-element_type=\"widget\" data-widget_type=\"thsn_icon_heading.default\">\n\t\t\t\t<div class=\"elementor-widget-container\">\n\t\t\t<div class=\"thsn-ihbox thsn-ihbox-style-15\">\r\n<div class=\"thsn-ihbox-box\">\r\n\t<div class=\"thsn-ihbox-icon\"><div class=\"thsn-ihbox-icon-wrapper\"><i class=\"thsn-logisto-icon thsn-logisto-icon-placeholder\"><\/i><\/div><\/div>\t\r\n\t<div class=\"thsn-ihbox-contents\">\t\r\n\t\t<h2 class=\"thsn-element-title\">\r\n\t\t\t\t\t\r\n\t\t\t\t\t\tGEMLiK  \r\n\t\t\t\t\t\r\n\t\t\t\t\t<\/h2>\r\n\t\t\t\t\t\r\n\t\t\t\t<div class=\"thsn-heading-desc\">\nHISAR TEPE MAH. AKCA CAD. \nNO:1\/9 , GEMLIK \/ BURSA, TURKEY \n<\/div>\t\t\t<\/div><!-- .thsn-ihbox-contents -->\r\n<\/div><\/div>\t\t<\/div>\n\t\t\t\t<\/div>\n\t\t\t\t\t<\/div>\n\t\t<\/div>\n\t\t\t\t<div class=\"elementor-column elementor-col-33 elementor-top-column elementor-element elementor-element-628fa32 thsn-bg-color-yes thsn-elementor-bg-color-secondary thsn-bg-color-over-image\" data-id=\"628fa32\" data-element_type=\"column\">\n\t\t\t<div class=\"elementor-widget-wrap elementor-element-populated\">\n\t\t\t\t\t\t<div class=\"elementor-element elementor-element-1dcf6eb elementor-widget elementor-widget-thsn_icon_heading\" data-id=\"1dcf6eb\" data-element_type=\"widget\" data-widget_type=\"thsn_icon_heading.default\">\n\t\t\t\t<div class=\"elementor-widget-container\">\n\t\t\t<div class=\"thsn-ihbox thsn-ihbox-style-15\">\r\n<div class=\"thsn-ihbox-box\">\r\n\t<div class=\"thsn-ihbox-icon\"><div class=\"thsn-ihbox-icon-wrapper\"><i class=\"thsn-logisto-icon thsn-logisto-icon-telephone\"><\/i><\/div><\/div>\t\r\n\t<div class=\"thsn-ihbox-contents\">\t\r\n\t\t<h2 class=\"thsn-element-title\">\r\n\t\t\t\t\t\r\n\t\t\t\t\t\tTelefon\r\n\t\t\t\t\t\r\n\t\t\t\t\t<\/h2>\r\n\t\t\t\t\t\r\n\t\t\t\t<div class=\"thsn-heading-desc\">+90 224 514 1378  \/ 514 1379\n<\/div>\t\t\t<\/div><!-- .thsn-ihbox-contents -->\r\n<\/div><\/div>\t\t<\/div>\n\t\t\t\t<\/div>\n\t\t\t\t\t<\/div>\n\t\t<\/div>\n\t\t\t\t<div class=\"elementor-column elementor-col-33 elementor-top-column elementor-element elementor-element-9ef125c thsn-bg-color-yes thsn-elementor-bg-color-secondary thsn-bg-color-over-image\" data-id=\"9ef125c\" data-element_type=\"column\">\n\t\t\t<div class=\"elementor-widget-wrap elementor-element-populated\">\n\t\t\t\t\t\t<div class=\"elementor-element elementor-element-6be59bd elementor-widget elementor-widget-thsn_icon_heading\" data-id=\"6be59bd\" data-element_type=\"widget\" data-widget_type=\"thsn_icon_heading.default\">\n\t\t\t\t<div class=\"elementor-widget-container\">\n\t\t\t<div class=\"thsn-ihbox thsn-ihbox-style-15\">\r\n<div class=\"thsn-ihbox-box\">\r\n\t<div class=\"thsn-ihbox-icon\"><div class=\"thsn-ihbox-icon-wrapper\"><i class=\"thsn-logisto-icon thsn-logisto-icon-mail-send\"><\/i><\/div><\/div>\t\r\n\t<div class=\"thsn-ihbox-contents\">\t\r\n\t\t<h2 class=\"thsn-element-title\">\r\n\t\t\t\t\t\r\n\t\t\t\t\t\tE-Posta Adresi\r\n\t\t\t\t\t\r\n\t\t\t\t\t<\/h2>\r\n\t\t\t\t\t\r\n\t\t\t\t<div class=\"thsn-heading-desc\">gemlik@solibra.com.tr\n<\/div>\t\t\t<\/div><!-- .thsn-ihbox-contents -->\r\n<\/div><\/div>\t\t<\/div>\n\t\t\t\t<\/div>\n\t\t\t\t\t<\/div>\n\t\t<\/div>\n\t\t\t\t\t<\/div>\n\t\t<\/section>\n\t\t\t\t<section class=\"elementor-section elementor-top-section elementor-element elementor-element-e171397 thsn-col-stretched-none thsn-bg-color-over-image elementor-section-boxed elementor-section-height-default elementor-section-height-default\" data-id=\"e171397\" data-element_type=\"section\">\n\t\t\t\t\t\t<div class=\"elementor-container elementor-column-gap-no\">\n\t\t\t\t\t<div class=\"elementor-column elementor-col-33 elementor-top-column elementor-element elementor-element-ba4422d thsn-bg-color-yes thsn-elementor-bg-color-secondary thsn-bg-color-over-image\" data-id=\"ba4422d\" data-element_type=\"column\">\n\t\t\t<div class=\"elementor-widget-wrap elementor-element-populated\">\n\t\t\t\t\t\t<div class=\"elementor-element elementor-element-a8bc0be elementor-widget elementor-widget-thsn_icon_heading\" data-id=\"a8bc0be\" data-element_type=\"widget\" data-widget_type=\"thsn_icon_heading.default\">\n\t\t\t\t<div class=\"elementor-widget-container\">\n\t\t\t<div class=\"thsn-ihbox thsn-ihbox-style-15\">\r\n<div class=\"thsn-ihbox-box\">\r\n\t<div class=\"thsn-ihbox-icon\"><div class=\"thsn-ihbox-icon-wrapper\"><i class=\"thsn-logisto-icon thsn-logisto-icon-placeholder\"><\/i><\/div><\/div>\t\r\n\t<div class=\"thsn-ihbox-contents\">\t\r\n\t\t<h2 class=\"thsn-element-title\">\r\n\t\t\t\t\t\r\n\t\t\t\t\t\tSOLIBRA LOGISTICS SERVICES LIMITED\r\n\t\t\t\t\t\r\n\t\t\t\t\t<\/h2>\r\n\t\t\t\t\t\r\n\t\t\t\t<div class=\"thsn-heading-desc\">OFF\u0130CE 304, 3RD FLOOR, AFON HOUSE, WORTH\u0130NG ROAD \nHORSHAM, RH12 1TL, WEST SUSSEX\n<\/div>\t\t\t<\/div><!-- .thsn-ihbox-contents -->\r\n<\/div><\/div>\t\t<\/div>\n\t\t\t\t<\/div>\n\t\t\t\t\t<\/div>\n\t\t<\/div>\n\t\t\t\t<div class=\"elementor-column elementor-col-33 elementor-top-column elementor-element elementor-element-db3de79 thsn-bg-color-yes thsn-elementor-bg-color-secondary thsn-bg-color-over-image\" data-id=\"db3de79\" data-element_type=\"column\">\n\t\t\t<div class=\"elementor-widget-wrap elementor-element-populated\">\n\t\t\t\t\t\t<div class=\"elementor-element elementor-element-9ea833d elementor-widget elementor-widget-thsn_icon_heading\" data-id=\"9ea833d\" data-element_type=\"widget\" data-widget_type=\"thsn_icon_heading.default\">\n\t\t\t\t<div class=\"elementor-widget-container\">\n\t\t\t<div class=\"thsn-ihbox thsn-ihbox-style-15\">\r\n<div class=\"thsn-ihbox-box\">\r\n\t<div class=\"thsn-ihbox-icon\"><div class=\"thsn-ihbox-icon-wrapper\"><i class=\"thsn-logisto-icon thsn-logisto-icon-telephone\"><\/i><\/div><\/div>\t\r\n\t<div class=\"thsn-ihbox-contents\">\t\r\n\t\t<h2 class=\"thsn-element-title\">\r\n\t\t\t\t\t\r\n\t\t\t\t\t\tTelefon\r\n\t\t\t\t\t\r\n\t\t\t\t\t<\/h2>\r\n\t\t\t\t\t\r\n\t\t\t\t<div class=\"thsn-heading-desc\">01403 788 235 A<br>FTER HOURS : 07785 381413\n<\/div>\t\t\t<\/div><!-- .thsn-ihbox-contents -->\r\n<\/div><\/div>\t\t<\/div>\n\t\t\t\t<\/div>\n\t\t\t\t\t<\/div>\n\t\t<\/div>\n\t\t\t\t<div class=\"elementor-column elementor-col-33 elementor-top-column elementor-element elementor-element-6dcb385 thsn-bg-color-yes thsn-elementor-bg-color-secondary thsn-bg-color-over-image\" data-id=\"6dcb385\" data-element_type=\"column\">\n\t\t\t<div class=\"elementor-widget-wrap elementor-element-populated\">\n\t\t\t\t\t\t<div class=\"elementor-element elementor-element-34a6358 elementor-widget elementor-widget-thsn_icon_heading\" data-id=\"34a6358\" data-element_type=\"widget\" data-widget_type=\"thsn_icon_heading.default\">\n\t\t\t\t<div class=\"elementor-widget-container\">\n\t\t\t<div class=\"thsn-ihbox thsn-ihbox-style-15\">\r\n<div class=\"thsn-ihbox-box\">\r\n\t<div class=\"thsn-ihbox-icon\"><div class=\"thsn-ihbox-icon-wrapper\"><i class=\"thsn-logisto-icon thsn-logisto-icon-mail-send\"><\/i><\/div><\/div>\t\r\n\t<div class=\"thsn-ihbox-contents\">\t\r\n\t\t<h2 class=\"thsn-element-title\">\r\n\t\t\t\t\t\r\n\t\t\t\t\t\tE-Posta Adresi\r\n\t\t\t\t\t\r\n\t\t\t\t\t<\/h2>\r\n\t\t\t\t\t\r\n\t\t\t\t<div class=\"thsn-heading-desc\">solibra@solibra.co.uk  \n<\/div>\t\t\t<\/div><!-- .thsn-ihbox-contents -->\r\n<\/div><\/div>\t\t<\/div>\n\t\t\t\t<\/div>\n\t\t\t\t\t<\/div>\n\t\t<\/div>\n\t\t\t\t\t<\/div>\n\t\t<\/section>\n\t\t\t\t<section class=\"elementor-section elementor-top-section elementor-element elementor-element-46ab3ff thsn-col-stretched-none thsn-bg-color-over-image elementor-section-boxed elementor-section-height-default elementor-section-height-default\" data-id=\"46ab3ff\" data-element_type=\"section\">\n\t\t\t\t\t\t<div class=\"elementor-container elementor-column-gap-no\">\n\t\t\t\t\t<div class=\"elementor-column elementor-col-33 elementor-top-column elementor-element elementor-element-f817826 thsn-bg-color-yes thsn-elementor-bg-color-secondary thsn-bg-color-over-image\" data-id=\"f817826\" data-element_type=\"column\">\n\t\t\t<div class=\"elementor-widget-wrap elementor-element-populated\">\n\t\t\t\t\t\t<div class=\"elementor-element elementor-element-aa2a622 elementor-widget elementor-widget-thsn_icon_heading\" data-id=\"aa2a622\" data-element_type=\"widget\" data-widget_type=\"thsn_icon_heading.default\">\n\t\t\t\t<div class=\"elementor-widget-container\">\n\t\t\t<div class=\"thsn-ihbox thsn-ihbox-style-15\">\r\n<div class=\"thsn-ihbox-box\">\r\n\t<div class=\"thsn-ihbox-icon\"><div class=\"thsn-ihbox-icon-wrapper\"><i class=\"thsn-logisto-icon thsn-logisto-icon-placeholder\"><\/i><\/div><\/div>\t\r\n\t<div class=\"thsn-ihbox-contents\">\t\r\n\t\t<h2 class=\"thsn-element-title\">\r\n\t\t\t\t\t\r\n\t\t\t\t\t\tSOLIBRA LOGISTICS SERVICES PTE LTD \r\n\t\t\t\t\t\r\n\t\t\t\t\t<\/h2>\r\n\t\t\t\t\t\r\n\t\t\t\t<div class=\"thsn-heading-desc\">68 CIRCULAR ROAD, NO 02 -01 SINGAPORE 049422\n\n<\/div>\t\t\t<\/div><!-- .thsn-ihbox-contents -->\r\n<\/div><\/div>\t\t<\/div>\n\t\t\t\t<\/div>\n\t\t\t\t\t<\/div>\n\t\t<\/div>\n\t\t\t\t<div class=\"elementor-column elementor-col-33 elementor-top-column elementor-element elementor-element-1822b49 thsn-bg-color-yes thsn-elementor-bg-color-secondary thsn-bg-color-over-image\" data-id=\"1822b49\" data-element_type=\"column\">\n\t\t\t<div class=\"elementor-widget-wrap elementor-element-populated\">\n\t\t\t\t\t\t<div class=\"elementor-element elementor-element-52b18bc elementor-widget elementor-widget-thsn_icon_heading\" data-id=\"52b18bc\" data-element_type=\"widget\" data-widget_type=\"thsn_icon_heading.default\">\n\t\t\t\t<div class=\"elementor-widget-container\">\n\t\t\t<div class=\"thsn-ihbox thsn-ihbox-style-15\">\r\n<div class=\"thsn-ihbox-box\">\r\n\t<div class=\"thsn-ihbox-icon\"><div class=\"thsn-ihbox-icon-wrapper\"><i class=\"thsn-logisto-icon thsn-logisto-icon-telephone\"><\/i><\/div><\/div>\t\r\n\t<div class=\"thsn-ihbox-contents\">\t\r\n\t\t<h2 class=\"thsn-element-title\">\r\n\t\t\t\t\t\r\n\t\t\t\t\t\tTelefon\r\n\t\t\t\t\t\r\n\t\t\t\t\t<\/h2>\r\n\t\t\t\t\t\r\n\t\t\t\t<div class=\"thsn-heading-desc\">+65 6022 2512<\/div>\t\t\t<\/div><!-- .thsn-ihbox-contents -->\r\n<\/div><\/div>\t\t<\/div>\n\t\t\t\t<\/div>\n\t\t\t\t\t<\/div>\n\t\t<\/div>\n\t\t\t\t<div class=\"elementor-column elementor-col-33 elementor-top-column elementor-element elementor-element-35cfd0f thsn-bg-color-yes thsn-elementor-bg-color-secondary thsn-bg-color-over-image\" data-id=\"35cfd0f\" data-element_type=\"column\">\n\t\t\t<div class=\"elementor-widget-wrap elementor-element-populated\">\n\t\t\t\t\t\t<div class=\"elementor-element elementor-element-dbab7f7 elementor-widget elementor-widget-thsn_icon_heading\" data-id=\"dbab7f7\" data-element_type=\"widget\" data-widget_type=\"thsn_icon_heading.default\">\n\t\t\t\t<div class=\"elementor-widget-container\">\n\t\t\t<div class=\"thsn-ihbox thsn-ihbox-style-15\">\r\n<div class=\"thsn-ihbox-box\">\r\n\t<div class=\"thsn-ihbox-icon\"><div class=\"thsn-ihbox-icon-wrapper\"><i class=\"thsn-logisto-icon thsn-logisto-icon-mail-send\"><\/i><\/div><\/div>\t\r\n\t<div class=\"thsn-ihbox-contents\">\t\r\n\t\t<h2 class=\"thsn-element-title\">\r\n\t\t\t\t\t\r\n\t\t\t\t\t\tE-Posta Adresi\r\n\t\t\t\t\t\r\n\t\t\t\t\t<\/h2>\r\n\t\t\t\t\t\r\n\t\t\t\t<div class=\"thsn-heading-desc\">solibra@solibra.com.sg\n<\/div>\t\t\t<\/div><!-- .thsn-ihbox-contents -->\r\n<\/div><\/div>\t\t<\/div>\n\t\t\t\t<\/div>\n\t\t\t\t\t<\/div>\n\t\t<\/div>\n\t\t\t\t\t<\/div>\n\t\t<\/section>\n\t\t\t\t<section class=\"elementor-section elementor-top-section elementor-element elementor-element-d397c5d thsn-col-stretched-none thsn-bg-color-over-image elementor-section-boxed elementor-section-height-default elementor-section-height-default\" data-id=\"d397c5d\" data-element_type=\"section\">\n\t\t\t\t\t\t<div class=\"elementor-container elementor-column-gap-no\">\n\t\t\t\t\t<div class=\"elementor-column elementor-col-33 elementor-top-column elementor-element elementor-element-09ce4b7 thsn-bg-color-yes thsn-elementor-bg-color-secondary thsn-bg-color-over-image\" data-id=\"09ce4b7\" data-element_type=\"column\">\n\t\t\t<div class=\"elementor-widget-wrap elementor-element-populated\">\n\t\t\t\t\t\t<div class=\"elementor-element elementor-element-bf34d0c elementor-widget elementor-widget-thsn_icon_heading\" data-id=\"bf34d0c\" data-element_type=\"widget\" data-widget_type=\"thsn_icon_heading.default\">\n\t\t\t\t<div class=\"elementor-widget-container\">\n\t\t\t<div class=\"thsn-ihbox thsn-ihbox-style-15\">\r\n<div class=\"thsn-ihbox-box\">\r\n\t<div class=\"thsn-ihbox-icon\"><div class=\"thsn-ihbox-icon-wrapper\"><i class=\"thsn-logisto-icon thsn-logisto-icon-placeholder\"><\/i><\/div><\/div>\t\r\n\t<div class=\"thsn-ihbox-contents\">\t\r\n\t\t<h2 class=\"thsn-element-title\">\r\n\t\t\t\t\t\r\n\t\t\t\t\t\tSOLIBRA FREIGHT SERVICES CO. L.L.C\r\n\t\t\t\t\t\r\n\t\t\t\t\t<\/h2>\r\n\t\t\t\t\t\r\n\t\t\t\t<div class=\"thsn-heading-desc\">OFFICE 501-14, ASPIN COMMERCIAL\n501, DUBAI, UNITED ARAB EMIRATES\n\n\n<\/div>\t\t\t<\/div><!-- .thsn-ihbox-contents -->\r\n<\/div><\/div>\t\t<\/div>\n\t\t\t\t<\/div>\n\t\t\t\t\t<\/div>\n\t\t<\/div>\n\t\t\t\t<div class=\"elementor-column elementor-col-33 elementor-top-column elementor-element elementor-element-d77dc4c thsn-bg-color-yes thsn-elementor-bg-color-secondary thsn-bg-color-over-image\" data-id=\"d77dc4c\" data-element_type=\"column\">\n\t\t\t<div class=\"elementor-widget-wrap elementor-element-populated\">\n\t\t\t\t\t\t<div class=\"elementor-element elementor-element-8e8269c elementor-widget elementor-widget-thsn_icon_heading\" data-id=\"8e8269c\" data-element_type=\"widget\" data-widget_type=\"thsn_icon_heading.default\">\n\t\t\t\t<div class=\"elementor-widget-container\">\n\t\t\t<div class=\"thsn-ihbox thsn-ihbox-style-15\">\r\n<div class=\"thsn-ihbox-box\">\r\n\t<div class=\"thsn-ihbox-icon\"><div class=\"thsn-ihbox-icon-wrapper\"><i class=\"thsn-logisto-icon thsn-logisto-icon-telephone\"><\/i><\/div><\/div>\t\r\n\t<div class=\"thsn-ihbox-contents\">\t\r\n\t\t<h2 class=\"thsn-element-title\">\r\n\t\t\t\t\t\r\n\t\t\t\t\t\tTelefon\r\n\t\t\t\t\t\r\n\t\t\t\t\t<\/h2>\r\n\t\t\t\t\t\r\n\t\t\t\t<div class=\"thsn-heading-desc\">+97104-313-2524<\/div>\t\t\t<\/div><!-- .thsn-ihbox-contents -->\r\n<\/div><\/div>\t\t<\/div>\n\t\t\t\t<\/div>\n\t\t\t\t\t<\/div>\n\t\t<\/div>\n\t\t\t\t<div class=\"elementor-column elementor-col-33 elementor-top-column elementor-element elementor-element-8a2ef5a thsn-bg-color-yes thsn-elementor-bg-color-secondary thsn-bg-color-over-image\" data-id=\"8a2ef5a\" data-element_type=\"column\">\n\t\t\t<div class=\"elementor-widget-wrap elementor-element-populated\">\n\t\t\t\t\t\t<div class=\"elementor-element elementor-element-5f9c3ab elementor-widget elementor-widget-thsn_icon_heading\" data-id=\"5f9c3ab\" data-element_type=\"widget\" data-widget_type=\"thsn_icon_heading.default\">\n\t\t\t\t<div class=\"elementor-widget-container\">\n\t\t\t<div class=\"thsn-ihbox thsn-ihbox-style-15\">\r\n<div class=\"thsn-ihbox-box\">\r\n\t<div class=\"thsn-ihbox-icon\"><div class=\"thsn-ihbox-icon-wrapper\"><i class=\"thsn-logisto-icon thsn-logisto-icon-mail-send\"><\/i><\/div><\/div>\t\r\n\t<div class=\"thsn-ihbox-contents\">\t\r\n\t\t<h2 class=\"thsn-element-title\">\r\n\t\t\t\t\t\r\n\t\t\t\t\t\tE-Posta Adresi\r\n\t\t\t\t\t\r\n\t\t\t\t\t<\/h2>\r\n\t\t\t\t\t\r\n\t\t\t\t<div class=\"thsn-heading-desc\">solibra@solibra.ae\n<\/div>\t\t\t<\/div><!-- .thsn-ihbox-contents -->\r\n<\/div><\/div>\t\t<\/div>\n\t\t\t\t<\/div>\n\t\t\t\t\t<\/div>\n\t\t<\/div>\n\t\t\t\t\t<\/div>\n\t\t<\/section>\n\t\t\t\t<section class=\"elementor-section elementor-top-section elementor-element elementor-element-bc1415f elementor-section-full_width elementor-section-stretched thsn-col-stretched-none thsn-bg-color-over-image elementor-section-height-default elementor-section-height-default\" data-id=\"bc1415f\" data-element_type=\"section\" data-settings=\"{&quot;stretch_section&quot;:&quot;section-stretched&quot;}\">\n\t\t\t\t\t\t<div class=\"elementor-container elementor-column-gap-default\">\n\t\t\t\t\t<div class=\"elementor-column elementor-col-100 elementor-top-column elementor-element elementor-element-3adee35 thsn-bg-color-over-image\" data-id=\"3adee35\" data-element_type=\"column\">\n\t\t\t<div class=\"elementor-widget-wrap elementor-element-populated\">\n\t\t\t\t\t\t<div class=\"elementor-element elementor-element-1ebecf1 elementor-widget elementor-widget-text-editor\" data-id=\"1ebecf1\" data-element_type=\"widget\" data-widget_type=\"text-editor.default\">\n\t\t\t\t<div class=\"elementor-widget-container\">\n\t\t\t\t\t\t\t<p><iframe style=\"border: 0;\" src=\"https:\/\/www.google.com\/maps\/embed?pb=!1m14!1m8!1m3!1d1506.0038049472525!2d29.1069999!3d40.9813142!3m2!1i1024!2i768!4f13.1!3m3!1m2!1s0x14cac65afd066f53%3A0x7ccdbe7f71731e3d!2sSolibra%20Lojistik%20Hizmetleri%20A.%C5%9E.!5e0!3m2!1str!2str!4v1685093720564!5m2!1str!2str\" width=\"600\" height=\"450\" allowfullscreen=\"allowfullscreen\"><\/iframe><\/p>\t\t\t\t\t\t<\/div>\n\t\t\t\t<\/div>\n\t\t\t\t\t<\/div>\n\t\t<\/div>\n\t\t\t\t\t<\/div>\n\t\t<\/section>\n\t\t\t\t<\/div>\n\t\t","protected":false},"excerpt":{"rendered":"<p>Adres VOGUE BUSINESS CENTRE K\u00dc\u00c7\u00dcKBAKKALK\u00d6Y MAH, MERD\u0130VENKOY CADDES\u0130.RUYA SOKAK. NO:12-18 KAT:9 NO:40 34750 Telefon + 90 216 416 30 62 E-Posta Adresi info@solibra.com.tr GEMLiK HISAR TEPE MAH. AKCA CAD. NO:1\/9 , GEMLIK \/ BURSA, TURKEY Telefon +90 224 514 1378 \/ 514 1379 E-Posta Adresi gemlik@solibra.com.tr SOLIBRA LOGISTICS SERVICES LIMITED OFF\u0130CE 304, 3RD FLOOR, AFON HOUSE, WORTH\u0130NG ROAD HORSHAM, RH12 1TL, WEST SUSSEX Telefon 01403 788 235 AFTER HOURS :[&hellip;]<\/p>\n","protected":false},"author":1,"featured_media":0,"parent":0,"menu_order":0,"comment_status":"closed","ping_status":"closed","template":"","meta":{"_acf_changed":false,"footnotes":""},"class_list":["post-430","page","type-page","status-publish","hentry"],"acf":[],"_links":{"self":[{"href":"https:\/\/www.solibra.com.tr\/index.php?rest_route=\/wp\/v2\/pages\/430","targetHints":{"allow":["GET"]}}],"collection":[{"href":"https:\/\/www.solibra.com.tr\/index.php?rest_route=\/wp\/v2\/pages"}],"about":[{"href":"https:\/\/www.solibra.com.tr\/index.php?rest_route=\/wp\/v2\/types\/page"}],"author":[{"embeddable":true,"href":"https:\/\/www.solibra.com.tr\/index.php?rest_route=\/wp\/v2\/users\/1"}],"replies":[{"embeddable":true,"href":"https:\/\/www.solibra.com.tr\/index.php?rest_route=%2Fwp%2Fv2%2Fcomments&post=430"}],"version-history":[{"count":40,"href":"https:\/\/www.solibra.com.tr\/index.php?rest_route=\/wp\/v2\/pages\/430\/revisions"}],"predecessor-version":[{"id":2278,"href":"https:\/\/www.solibra.com.tr\/index.php?rest_route=\/wp\/v2\/pages\/430\/revisions\/2278"}],"wp:attachment":[{"href":"https:\/\/www.solibra.com.tr\/index.php?rest_route=%2Fwp%2Fv2%2Fmedia&parent=430"}],"curies":[{"name":"wp","href":"https:\/\/api.w.org\/{rel}","templated":true}]}}