{"id":53,"date":"2021-10-28T04:04:50","date_gmt":"2021-10-28T04:04:50","guid":{"rendered":"https:\/\/logisto-demo.pbminfotech.com\/datasite-demo4\/?page_id=30089"},"modified":"2023-05-26T12:18:49","modified_gmt":"2023-05-26T12:18:49","slug":"blog","status":"publish","type":"page","link":"https:\/\/www.solibra.com.tr\/?page_id=53","title":{"rendered":"Blog"},"content":{"rendered":"<div style=\"margin-top: 0px; margin-bottom: 0px;\" class=\"sharethis-inline-share-buttons\" ><\/div>\t\t<div data-elementor-type=\"wp-page\" data-elementor-id=\"53\" class=\"elementor elementor-53\">\n\t\t\t\t\t\t<div class=\"elementor-section elementor-top-section elementor-element elementor-element-29e1feb5 thsn-col-stretched-none thsn-bg-color-over-image elementor-section-boxed elementor-section-height-default elementor-section-height-default\" data-id=\"29e1feb5\" data-element_type=\"section\">\n\t\t\t\t\t\t<div class=\"elementor-container elementor-column-gap-no\">\n\t\t\t\t\t<div class=\"elementor-column elementor-col-100 elementor-top-column elementor-element elementor-element-333e8f2a thsn-bg-color-over-image\" data-id=\"333e8f2a\" data-element_type=\"column\">\n\t\t\t<div class=\"elementor-widget-wrap elementor-element-populated\">\n\t\t\t\t\t\t<div class=\"elementor-element elementor-element-63d166bf thsn-align-left elementor-widget elementor-widget-thsn_blog_element\" data-id=\"63d166bf\" data-element_type=\"widget\" data-widget_type=\"thsn_blog_element.default\">\n\t\t\t\t<div class=\"elementor-widget-container\">\n\t\t\t\r\n\t\t<div class=\"themesion-element themesion-element-blog thsn-element-blog-style-1 themesion-element-viewtype-row-column themesion-gap-30px thsn-infinite-scroll-no thsn-infinite-scroll-button-no\" data-cpt=\"blog\" data-totalpagination=\"2\" data-style=\"1\" data-show=\"9\" data-columns=\"3\" data-loop=\"false\" data-autoplay=\"false\" data-center=\"false\" data-nav=\"false\" data-dots=\"false\" data-autoplayspeed=\"1000\" data-margin=\"30px\"><div class=\"themesion-element-inner\"><div class=\"thsn-infinite-scroll-data\">{\"cpt\":\"blog\",\"style\":\"1\",\"columns\":\"3\",\"show\":9,\"order\":\"DESC\",\"orderby\":\"DESC\"}<\/div>\r\n\t\t\t<div class=\"thsn-ele-header-area\">\r\n\t\t\t\t\t<div class=\"thsn-heading-subheading left-align \"><\/div>\r\n\t\t\t\t\r\n\t\t\t<\/div>\r\n\r\n\t\t\t<div class=\"thsn-element-posts-wrapper row multi-columns-row\">\r\n\r\n\t\t\t<article class=\"thsn-ele thsn-ele-blog thsn-blog-style-1 col-md-4 sosyal-sorumluluk thsn-term-61 thsn-odd thsn-col-odd\"><div class=\"post-item\">\r\n\t<div class=\"thsn-featured-container\">\t\t\r\n\t\t<div class=\"thsn-featured-wrapper\"><a href=\"https:\/\/www.solibra.com.tr\/?p=1841&amp;lang=tr\"><img fetchpriority=\"high\" decoding=\"async\" width=\"740\" height=\"470\" src=\"https:\/\/www.solibra.com.tr\/wp-content\/uploads\/2023\/12\/hayvan-dostlar-740x470.png\" class=\"attachment-thsn-img-740x470 size-thsn-img-740x470 wp-post-image\" alt=\"\" \/><\/a><\/div>\t\t\t\r\n\t<\/div>\r\n\t<div class=\"themesion-box-content\">\t\r\n\t\t<div class=\"thsn-meta-date-wrapper\">\t\t\t\t\t\r\n\t\t\t\t<span>Aral\u0131k 20, 2023<\/span> \r\n\t\t<\/div>\r\n\t<div class=\"thsn-meta-container\">\r\n\t\t\t<div class=\"thsn-meta-cat-wrapper thsn-meta-line\">\t\t\t\t\t\r\n\t\t\t\t<div class=\"thsn-meta-category\"><a href=\"https:\/\/www.solibra.com.tr\/?cat=61&#038;lang=tr\" rel=\"category\">Sosyal Sorumluluk<\/a><\/div>\t\r\n\t\t\t<\/div>\t\t\t\r\n\t\t<\/div>\r\n\t\t<h3 class=\"thsn-post-title\"><a href=\"https:\/\/www.solibra.com.tr\/?p=1841&#038;lang=tr\">Sokak hayvanlar\u0131n\u0131 yanl\u0131z b\u0131rakm\u0131yoruz.<\/a><\/h3>\r\n\t\t<div class=\"themesion-box-desc\">\t\t\t\r\n\t\t\tAral\u0131k 2019'dan itibaren sokak hayvanlar\u0131n\u0131n beslenme masraflar\u0131n\u0131 kar\u015f\u0131lamak i\u00e7in her g\u00f6nderiden ba\u011f\u0131\u015f miktar\u0131n\u0131 1$'dan 2,50$'a&hellip;\t\t<\/div>\r\n\t\t<div class=\"thsn-service-btn\"> \r\n\t\t\t\t<a class=\"btn-arrow\" href=\"https:\/\/www.solibra.com.tr\/?p=1841&#038;lang=tr\">Read More<\/a>\r\n\t\t\t<\/div>\r\n\t<\/div>\r\n<\/div><\/article><article class=\"thsn-ele thsn-ele-blog thsn-blog-style-1 col-md-4 sectoriales thsn-term-191 thsn-even thsn-col-odd\"><div class=\"post-item\">\r\n\t<div class=\"thsn-featured-container\">\t\t\r\n\t\t<div class=\"thsn-featured-wrapper\"><a href=\"https:\/\/www.solibra.com.tr\/?p=1571&amp;lang=es\"><img decoding=\"async\" width=\"740\" height=\"470\" src=\"https:\/\/www.solibra.com.tr\/wp-content\/uploads\/2021\/07\/service-rail-740x470.jpg\" class=\"attachment-thsn-img-740x470 size-thsn-img-740x470 wp-post-image\" alt=\"\" \/><\/a><\/div>\t\t\t\r\n\t<\/div>\r\n\t<div class=\"themesion-box-content\">\t\r\n\t\t<div class=\"thsn-meta-date-wrapper\">\t\t\t\t\t\r\n\t\t\t\t<span>A\u011fustos 03, 2023<\/span> \r\n\t\t<\/div>\r\n\t<div class=\"thsn-meta-container\">\r\n\t\t\t<div class=\"thsn-meta-cat-wrapper thsn-meta-line\">\t\t\t\t\t\r\n\t\t\t\t<div class=\"thsn-meta-category\"><a href=\"https:\/\/www.solibra.com.tr\/?cat=191&#038;lang=es\" rel=\"category\">Sectoriales<\/a><\/div>\t\r\n\t\t\t<\/div>\t\t\t\r\n\t\t<\/div>\r\n\t\t<h3 class=\"thsn-post-title\"><a href=\"https:\/\/www.solibra.com.tr\/?p=1571&#038;lang=es\">Ventajas del transporte ferroviario<\/a><\/h3>\r\n\t\t<div class=\"themesion-box-desc\">\t\t\t\r\n\t\t\tEl transporte ferroviario es un modo de transporte eficaz con muchas ventajas. He aqui\u0301 algunas&hellip;\t\t<\/div>\r\n\t\t<div class=\"thsn-service-btn\"> \r\n\t\t\t\t<a class=\"btn-arrow\" href=\"https:\/\/www.solibra.com.tr\/?p=1571&#038;lang=es\">Read More<\/a>\r\n\t\t\t<\/div>\r\n\t<\/div>\r\n<\/div><\/article><article class=\"thsn-ele thsn-ele-blog thsn-blog-style-1 col-md-4 sectoriales thsn-term-191 thsn-odd thsn-col-odd\"><div class=\"post-item\">\r\n\t<div class=\"thsn-featured-container\">\t\t\r\n\t\t<div class=\"thsn-featured-wrapper\"><a href=\"https:\/\/www.solibra.com.tr\/?p=1565&amp;lang=es\"><img decoding=\"async\" width=\"740\" height=\"470\" src=\"https:\/\/www.solibra.com.tr\/wp-content\/uploads\/2021\/06\/7500-airfreight-740x470.jpeg\" class=\"attachment-thsn-img-740x470 size-thsn-img-740x470 wp-post-image\" alt=\"\" \/><\/a><\/div>\t\t\t\r\n\t<\/div>\r\n\t<div class=\"themesion-box-content\">\t\r\n\t\t<div class=\"thsn-meta-date-wrapper\">\t\t\t\t\t\r\n\t\t\t\t<span>A\u011fustos 03, 2023<\/span> \r\n\t\t<\/div>\r\n\t<div class=\"thsn-meta-container\">\r\n\t\t\t<div class=\"thsn-meta-cat-wrapper thsn-meta-line\">\t\t\t\t\t\r\n\t\t\t\t<div class=\"thsn-meta-category\"><a href=\"https:\/\/www.solibra.com.tr\/?cat=191&#038;lang=es\" rel=\"category\">Sectoriales<\/a><\/div>\t\r\n\t\t\t<\/div>\t\t\t\r\n\t\t<\/div>\r\n\t\t<h3 class=\"thsn-post-title\"><a href=\"https:\/\/www.solibra.com.tr\/?p=1565&#038;lang=es\">Ventajas del transporte a\u00e9reo<\/a><\/h3>\r\n\t\t<div class=\"themesion-box-desc\">\t\t\t\r\n\t\t\tEl transporte ae\u0301reo es un modo de transporte eficaz con muchas ventajas. Algunas de ellas:Entrega&hellip;\t\t<\/div>\r\n\t\t<div class=\"thsn-service-btn\"> \r\n\t\t\t\t<a class=\"btn-arrow\" href=\"https:\/\/www.solibra.com.tr\/?p=1565&#038;lang=es\">Read More<\/a>\r\n\t\t\t<\/div>\r\n\t<\/div>\r\n<\/div><\/article><article class=\"thsn-ele thsn-ele-blog thsn-blog-style-1 col-md-4 sectoriales thsn-term-191 thsn-even thsn-col-even\"><div class=\"post-item\">\r\n\t<div class=\"thsn-featured-container\">\t\t\r\n\t\t<div class=\"thsn-featured-wrapper\"><a href=\"https:\/\/www.solibra.com.tr\/?p=1560&amp;lang=es\"><img loading=\"lazy\" decoding=\"async\" width=\"740\" height=\"470\" src=\"https:\/\/www.solibra.com.tr\/wp-content\/uploads\/2023\/05\/service-flexitank-740x470.jpg\" class=\"attachment-thsn-img-740x470 size-thsn-img-740x470 wp-post-image\" alt=\"\" \/><\/a><\/div>\t\t\t\r\n\t<\/div>\r\n\t<div class=\"themesion-box-content\">\t\r\n\t\t<div class=\"thsn-meta-date-wrapper\">\t\t\t\t\t\r\n\t\t\t\t<span>A\u011fustos 03, 2023<\/span> \r\n\t\t<\/div>\r\n\t<div class=\"thsn-meta-container\">\r\n\t\t\t<div class=\"thsn-meta-cat-wrapper thsn-meta-line\">\t\t\t\t\t\r\n\t\t\t\t<div class=\"thsn-meta-category\"><a href=\"https:\/\/www.solibra.com.tr\/?cat=191&#038;lang=es\" rel=\"category\">Sectoriales<\/a><\/div>\t\r\n\t\t\t<\/div>\t\t\t\r\n\t\t<\/div>\r\n\t\t<h3 class=\"thsn-post-title\"><a href=\"https:\/\/www.solibra.com.tr\/?p=1560&#038;lang=es\">Ventajas del transporte FlexiBag<\/a><\/h3>\r\n\t\t<div class=\"themesion-box-desc\">\t\t\t\r\n\t\t\tEl transporte en Flexi Bag es un me\u0301todo utilizado especialmente para el transporte de productos&hellip;\t\t<\/div>\r\n\t\t<div class=\"thsn-service-btn\"> \r\n\t\t\t\t<a class=\"btn-arrow\" href=\"https:\/\/www.solibra.com.tr\/?p=1560&#038;lang=es\">Read More<\/a>\r\n\t\t\t<\/div>\r\n\t<\/div>\r\n<\/div><\/article><article class=\"thsn-ele thsn-ele-blog thsn-blog-style-1 col-md-4 setorial thsn-term-189 thsn-odd thsn-col-even\"><div class=\"post-item\">\r\n\t<div class=\"thsn-featured-container\">\t\t\r\n\t\t<div class=\"thsn-featured-wrapper\"><a href=\"https:\/\/www.solibra.com.tr\/?p=1449&amp;lang=pt\"><img decoding=\"async\" width=\"740\" height=\"470\" src=\"https:\/\/www.solibra.com.tr\/wp-content\/uploads\/2021\/07\/service-rail-740x470.jpg\" class=\"attachment-thsn-img-740x470 size-thsn-img-740x470 wp-post-image\" alt=\"\" \/><\/a><\/div>\t\t\t\r\n\t<\/div>\r\n\t<div class=\"themesion-box-content\">\t\r\n\t\t<div class=\"thsn-meta-date-wrapper\">\t\t\t\t\t\r\n\t\t\t\t<span>A\u011fustos 03, 2023<\/span> \r\n\t\t<\/div>\r\n\t<div class=\"thsn-meta-container\">\r\n\t\t\t<div class=\"thsn-meta-cat-wrapper thsn-meta-line\">\t\t\t\t\t\r\n\t\t\t\t<div class=\"thsn-meta-category\"><a href=\"https:\/\/www.solibra.com.tr\/?cat=189&#038;lang=pt\" rel=\"category\">Setorial<\/a><\/div>\t\r\n\t\t\t<\/div>\t\t\t\r\n\t\t<\/div>\r\n\t\t<h3 class=\"thsn-post-title\"><a href=\"https:\/\/www.solibra.com.tr\/?p=1449&#038;lang=pt\">Benef\u00edcios do Frete Ferrovi\u00e1rio<\/a><\/h3>\r\n\t\t<div class=\"themesion-box-desc\">\t\t\t\r\n\t\t\tO transporte ferrovi\u00e1rio \u00e9 um meio de transporte eficaz com muitas vantagens. Aqui est\u00e3o alguns&hellip;\t\t<\/div>\r\n\t\t<div class=\"thsn-service-btn\"> \r\n\t\t\t\t<a class=\"btn-arrow\" href=\"https:\/\/www.solibra.com.tr\/?p=1449&#038;lang=pt\">Read More<\/a>\r\n\t\t\t<\/div>\r\n\t<\/div>\r\n<\/div><\/article><article class=\"thsn-ele thsn-ele-blog thsn-blog-style-1 col-md-4 setorial thsn-term-189 thsn-even thsn-col-even\"><div class=\"post-item\">\r\n\t<div class=\"thsn-featured-container\">\t\t\r\n\t\t<div class=\"thsn-featured-wrapper\"><a href=\"https:\/\/www.solibra.com.tr\/?p=1444&amp;lang=pt\"><img decoding=\"async\" width=\"740\" height=\"470\" src=\"https:\/\/www.solibra.com.tr\/wp-content\/uploads\/2021\/06\/7500-airfreight-740x470.jpeg\" class=\"attachment-thsn-img-740x470 size-thsn-img-740x470 wp-post-image\" alt=\"\" \/><\/a><\/div>\t\t\t\r\n\t<\/div>\r\n\t<div class=\"themesion-box-content\">\t\r\n\t\t<div class=\"thsn-meta-date-wrapper\">\t\t\t\t\t\r\n\t\t\t\t<span>A\u011fustos 03, 2023<\/span> \r\n\t\t<\/div>\r\n\t<div class=\"thsn-meta-container\">\r\n\t\t\t<div class=\"thsn-meta-cat-wrapper thsn-meta-line\">\t\t\t\t\t\r\n\t\t\t\t<div class=\"thsn-meta-category\"><a href=\"https:\/\/www.solibra.com.tr\/?cat=189&#038;lang=pt\" rel=\"category\">Setorial<\/a><\/div>\t\r\n\t\t\t<\/div>\t\t\t\r\n\t\t<\/div>\r\n\t\t<h3 class=\"thsn-post-title\"><a href=\"https:\/\/www.solibra.com.tr\/?p=1444&#038;lang=pt\">Benef\u00edcios do Frete A\u00e9reo<\/a><\/h3>\r\n\t\t<div class=\"themesion-box-desc\">\t\t\t\r\n\t\t\tO transporte a\u00e9reo \u00e9 um meio eficaz e com muitas vantagens para o envio de&hellip;\t\t<\/div>\r\n\t\t<div class=\"thsn-service-btn\"> \r\n\t\t\t\t<a class=\"btn-arrow\" href=\"https:\/\/www.solibra.com.tr\/?p=1444&#038;lang=pt\">Read More<\/a>\r\n\t\t\t<\/div>\r\n\t<\/div>\r\n<\/div><\/article><article class=\"thsn-ele thsn-ele-blog thsn-blog-style-1 col-md-4 setorial thsn-term-189 thsn-odd thsn-col-odd\"><div class=\"post-item\">\r\n\t<div class=\"thsn-featured-container\">\t\t\r\n\t\t<div class=\"thsn-featured-wrapper\"><a href=\"https:\/\/www.solibra.com.tr\/?p=1438&amp;lang=pt\"><img loading=\"lazy\" decoding=\"async\" width=\"740\" height=\"470\" src=\"https:\/\/www.solibra.com.tr\/wp-content\/uploads\/2023\/05\/service-flexitank-740x470.jpg\" class=\"attachment-thsn-img-740x470 size-thsn-img-740x470 wp-post-image\" alt=\"\" \/><\/a><\/div>\t\t\t\r\n\t<\/div>\r\n\t<div class=\"themesion-box-content\">\t\r\n\t\t<div class=\"thsn-meta-date-wrapper\">\t\t\t\t\t\r\n\t\t\t\t<span>A\u011fustos 03, 2023<\/span> \r\n\t\t<\/div>\r\n\t<div class=\"thsn-meta-container\">\r\n\t\t\t<div class=\"thsn-meta-cat-wrapper thsn-meta-line\">\t\t\t\t\t\r\n\t\t\t\t<div class=\"thsn-meta-category\"><a href=\"https:\/\/www.solibra.com.tr\/?cat=189&#038;lang=pt\" rel=\"category\">Setorial<\/a><\/div>\t\r\n\t\t\t<\/div>\t\t\t\r\n\t\t<\/div>\r\n\t\t<h3 class=\"thsn-post-title\"><a href=\"https:\/\/www.solibra.com.tr\/?p=1438&#038;lang=pt\">Benef\u00edcios do Transporte com Flexi Bag<\/a><\/h3>\r\n\t\t<div class=\"themesion-box-desc\">\t\t\t\r\n\t\t\tO transporte com Flexi Bag \u00e9 um m\u00e9todo utilizado especialmente para o carregamento de produtos&hellip;\t\t<\/div>\r\n\t\t<div class=\"thsn-service-btn\"> \r\n\t\t\t\t<a class=\"btn-arrow\" href=\"https:\/\/www.solibra.com.tr\/?p=1438&#038;lang=pt\">Read More<\/a>\r\n\t\t\t<\/div>\r\n\t<\/div>\r\n<\/div><\/article><article class=\"thsn-ele thsn-ele-blog thsn-blog-style-1 col-md-4 %d9%85%d8%b3%d8%a4%d9%88%d9%84%d9%8a%d8%a9-%d8%a7%d8%ac%d8%aa%d9%85%d8%a7%d8%b9%d9%8a%d8%a9 thsn-term-177 thsn-even thsn-col-odd\"><div class=\"post-item\">\r\n\t<div class=\"thsn-featured-container\">\t\t\r\n\t\t<div class=\"thsn-featured-wrapper\"><a href=\"https:\/\/www.solibra.com.tr\/?p=1350&amp;lang=ar\"><img decoding=\"async\" width=\"740\" height=\"470\" src=\"https:\/\/www.solibra.com.tr\/wp-content\/uploads\/2021\/07\/service-rail-740x470.jpg\" class=\"attachment-thsn-img-740x470 size-thsn-img-740x470 wp-post-image\" alt=\"\" \/><\/a><\/div>\t\t\t\r\n\t<\/div>\r\n\t<div class=\"themesion-box-content\">\t\r\n\t\t<div class=\"thsn-meta-date-wrapper\">\t\t\t\t\t\r\n\t\t\t\t<span>Temmuz 28, 2023<\/span> \r\n\t\t<\/div>\r\n\t<div class=\"thsn-meta-container\">\r\n\t\t\t<div class=\"thsn-meta-cat-wrapper thsn-meta-line\">\t\t\t\t\t\r\n\t\t\t\t<div class=\"thsn-meta-category\"><a href=\"https:\/\/www.solibra.com.tr\/?cat=177&#038;lang=ar\" rel=\"category\">\u0645\u0633\u0624\u0648\u0644\u064a\u0629 \u0627\u062c\u062a\u0645\u0627\u0639\u064a\u0629<\/a><\/div>\t\r\n\t\t\t<\/div>\t\t\t\r\n\t\t<\/div>\r\n\t\t<h3 class=\"thsn-post-title\"><a href=\"https:\/\/www.solibra.com.tr\/?p=1350&#038;lang=ar\">\u0641\u0648\u0627\u0626\u062f \u0627\u0644\u0634\u062d\u0646 \u0628\u0627\u0644\u0633\u0643\u0643 \u0627\u0644\u062d\u062f\u064a\u062f\u064a\u0629<\/a><\/h3>\r\n\t\t<div class=\"themesion-box-desc\">\t\t\t\r\n\t\t\t\u0627\u0644\u0646\u0642\u0644 \u0628\u0627\u0644\u0633\u0643\u0643 \u0627\u0644\u062d\u062f\u064a\u062f\u064a\u0629 \u0647\u0648 \u0648\u0633\u064a\u0644\u0629 \u0646\u0642\u0644 \u0641\u0639\u0627\u0644\u0629 \u0630\u0627\u062a \u0645\u0632\u0627\u064a\u0627 \u0639\u062f\u064a\u062f\u0629. \u0641\u064a\u0645\u0627 \u064a\u0644\u064a \u0628\u0639\u0636 \u0641\u0648\u0627\u0626\u062f \u0627\u0644\u0646\u0642\u0644&hellip;\t\t<\/div>\r\n\t\t<div class=\"thsn-service-btn\"> \r\n\t\t\t\t<a class=\"btn-arrow\" href=\"https:\/\/www.solibra.com.tr\/?p=1350&#038;lang=ar\">Read More<\/a>\r\n\t\t\t<\/div>\r\n\t<\/div>\r\n<\/div><\/article><article class=\"thsn-ele thsn-ele-blog thsn-blog-style-1 col-md-4 %d9%85%d8%b3%d8%a4%d9%88%d9%84%d9%8a%d8%a9-%d8%a7%d8%ac%d8%aa%d9%85%d8%a7%d8%b9%d9%8a%d8%a9 thsn-term-177 thsn-odd thsn-col-odd\"><div class=\"post-item\">\r\n\t<div class=\"thsn-featured-container\">\t\t\r\n\t\t<div class=\"thsn-featured-wrapper\"><a href=\"https:\/\/www.solibra.com.tr\/?p=1339&amp;lang=ar\"><img decoding=\"async\" width=\"740\" height=\"470\" src=\"https:\/\/www.solibra.com.tr\/wp-content\/uploads\/2021\/06\/7500-airfreight-740x470.jpeg\" class=\"attachment-thsn-img-740x470 size-thsn-img-740x470 wp-post-image\" alt=\"\" \/><\/a><\/div>\t\t\t\r\n\t<\/div>\r\n\t<div class=\"themesion-box-content\">\t\r\n\t\t<div class=\"thsn-meta-date-wrapper\">\t\t\t\t\t\r\n\t\t\t\t<span>Temmuz 28, 2023<\/span> \r\n\t\t<\/div>\r\n\t<div class=\"thsn-meta-container\">\r\n\t\t\t<div class=\"thsn-meta-cat-wrapper thsn-meta-line\">\t\t\t\t\t\r\n\t\t\t\t<div class=\"thsn-meta-category\"><a href=\"https:\/\/www.solibra.com.tr\/?cat=177&#038;lang=ar\" rel=\"category\">\u0645\u0633\u0624\u0648\u0644\u064a\u0629 \u0627\u062c\u062a\u0645\u0627\u0639\u064a\u0629<\/a><\/div>\t\r\n\t\t\t<\/div>\t\t\t\r\n\t\t<\/div>\r\n\t\t<h3 class=\"thsn-post-title\"><a href=\"https:\/\/www.solibra.com.tr\/?p=1339&#038;lang=ar\">\u0641\u0648\u0627\u0626\u062f \u0627\u0644\u0634\u062d\u0646 \u0627\u0644\u062c\u0648\u064a<\/a><\/h3>\r\n\t\t<div class=\"themesion-box-desc\">\t\t\t\r\n\t\t\t\u064a\u0639\u062a\u0628\u0631 \u0627\u0644\u0646\u0642\u0644 \u0627\u0644\u062c\u0648\u064a \u0648\u0633\u064a\u0644\u0629 \u0646\u0642\u0644 \u0641\u0639\u0627\u0644\u0629 \u0630\u0627\u062a \u0645\u0632\u0627\u064a\u0627 \u0639\u062f\u064a\u062f\u0629. \u0641\u064a\u0645\u0627 \u064a\u0644\u064a \u0628\u0639\u0636 \u0641\u0648\u0627\u0626\u062f \u0627\u0644\u0646\u0642\u0644 \u0627\u0644\u062c\u0648\u064a:1.&hellip;\t\t<\/div>\r\n\t\t<div class=\"thsn-service-btn\"> \r\n\t\t\t\t<a class=\"btn-arrow\" href=\"https:\/\/www.solibra.com.tr\/?p=1339&#038;lang=ar\">Read More<\/a>\r\n\t\t\t<\/div>\r\n\t<\/div>\r\n<\/div><\/article>\r\n\t\t\t<\/div>\r\n\r\n\t\t\t\r\n\t\t\r\n\t\t\r\n\t\t<\/div><!-- .themesion-element-inner -->   <\/div><!-- .themesion-element -->  \r\n\t    \t\t<\/div>\n\t\t\t\t<\/div>\n\t\t\t\t\t<\/div>\n\t\t<\/div>\n\t\t\t\t\t<\/div>\n\t\t<\/div>\n\t\t\t\t<\/div>\n\t\t","protected":false},"excerpt":{"rendered":"<p>{&#8220;cpt&#8221;:&#8221;blog&#8221;,&#8221;style&#8221;:&#8221;1&#8243;,&#8221;columns&#8221;:&#8221;3&#8243;,&#8221;show&#8221;:9,&#8221;order&#8221;:&#8221;DESC&#8221;,&#8221;orderby&#8221;:&#8221;DESC&#8221;} May 10, 2021 Manufacturing Making innovation for globalization possible Lorem ipsum dolor sit, consectetur adipisicing elit, sed do eiusmod tempor incididunt ut labore et dolore magna\u2026 Read More June 18, 2020 Construction Need from our Transport Tracking specialists Lorem ipsum dolor sit, consectetur adipisicing elit, sed do eiusmod tempor incididunt ut labore et dolore magna\u2026 Read More June 29, 2019 Construction Remote Asset Monitoring and Control Lorem ipsum dolor[&hellip;]<\/p>\n","protected":false},"author":1,"featured_media":0,"parent":0,"menu_order":0,"comment_status":"closed","ping_status":"closed","template":"","meta":{"_acf_changed":false,"footnotes":""},"class_list":["post-53","page","type-page","status-publish","hentry"],"acf":[],"_links":{"self":[{"href":"https:\/\/www.solibra.com.tr\/index.php?rest_route=\/wp\/v2\/pages\/53","targetHints":{"allow":["GET"]}}],"collection":[{"href":"https:\/\/www.solibra.com.tr\/index.php?rest_route=\/wp\/v2\/pages"}],"about":[{"href":"https:\/\/www.solibra.com.tr\/index.php?rest_route=\/wp\/v2\/types\/page"}],"author":[{"embeddable":true,"href":"https:\/\/www.solibra.com.tr\/index.php?rest_route=\/wp\/v2\/users\/1"}],"replies":[{"embeddable":true,"href":"https:\/\/www.solibra.com.tr\/index.php?rest_route=%2Fwp%2Fv2%2Fcomments&post=53"}],"version-history":[{"count":2,"href":"https:\/\/www.solibra.com.tr\/index.php?rest_route=\/wp\/v2\/pages\/53\/revisions"}],"predecessor-version":[{"id":682,"href":"https:\/\/www.solibra.com.tr\/index.php?rest_route=\/wp\/v2\/pages\/53\/revisions\/682"}],"wp:attachment":[{"href":"https:\/\/www.solibra.com.tr\/index.php?rest_route=%2Fwp%2Fv2%2Fmedia&parent=53"}],"curies":[{"name":"wp","href":"https:\/\/api.w.org\/{rel}","templated":true}]}}