{"id":656,"date":"2023-05-26T11:43:34","date_gmt":"2023-05-26T11:43:34","guid":{"rendered":"https:\/\/test.solibra.com.tr\/?page_id=656"},"modified":"2024-02-16T10:27:16","modified_gmt":"2024-02-16T10:27:16","slug":"konteyner-takibi","status":"publish","type":"page","link":"https:\/\/www.solibra.com.tr\/?page_id=656&lang=tr","title":{"rendered":"Konteyner Takibi"},"content":{"rendered":"\t\t<div data-elementor-type=\"wp-page\" data-elementor-id=\"656\" class=\"elementor elementor-656\">\n\t\t\t\t\t\t<section class=\"elementor-section elementor-top-section elementor-element elementor-element-6b0e616 thsn-col-stretched-none thsn-bg-color-over-image elementor-section-boxed elementor-section-height-default elementor-section-height-default\" data-id=\"6b0e616\" data-element_type=\"section\">\n\t\t\t\t\t\t<div class=\"elementor-container elementor-column-gap-default\">\n\t\t\t\t\t<div class=\"elementor-column elementor-col-100 elementor-top-column elementor-element elementor-element-f0a5765 thsn-bg-color-over-image\" data-id=\"f0a5765\" data-element_type=\"column\">\n\t\t\t<div class=\"elementor-widget-wrap elementor-element-populated\">\n\t\t\t\t\t\t<div class=\"elementor-element elementor-element-952a7e8 elementor-widget elementor-widget-text-editor\" data-id=\"952a7e8\" data-element_type=\"widget\" data-widget_type=\"text-editor.default\">\n\t\t\t\t<div class=\"elementor-widget-container\">\n\t\t\t\t\t\t\t<p><strong>Solibra Logistics Konteyner Takip sistemi ile denizyolu y\u00fckleriniz ile ilgili g\u00fcncel konum, kalk\u0131\u015f, var\u0131\u015f ve tahmini var\u0131\u015f tarihleri gibi bilgilere 7\/24 online olarak ula\u015fabilirsiniz. Y\u00fck\u00fcn\u00fcz\u00fc d\u00fcnya \u00e7ap\u0131nda ba\u015flang\u0131\u00e7tan nihai var\u0131\u015f noktas\u0131na kadar takip etmek i\u00e7in l\u00fctfen uygun arama kutusuna konteyner numaran\u0131z\u0131 girin.<\/strong><\/p>\t\t\t\t\t\t<\/div>\n\t\t\t\t<\/div>\n\t\t\t\t\t<\/div>\n\t\t<\/div>\n\t\t\t\t\t<\/div>\n\t\t<\/section>\n\t\t\t\t<section class=\"elementor-section elementor-top-section elementor-element elementor-element-86e9ec9 thsn-col-stretched-none thsn-bg-color-over-image elementor-section-boxed elementor-section-height-default elementor-section-height-default\" data-id=\"86e9ec9\" data-element_type=\"section\">\n\t\t\t\t\t\t<div class=\"elementor-container elementor-column-gap-default\">\n\t\t\t\t\t<div class=\"elementor-column elementor-col-100 elementor-top-column elementor-element elementor-element-5f1ec9c thsn-bg-color-over-image\" data-id=\"5f1ec9c\" data-element_type=\"column\">\n\t\t\t<div class=\"elementor-widget-wrap elementor-element-populated\">\n\t\t\t\t\t\t<div class=\"elementor-element elementor-element-f6216d4 elementor-widget elementor-widget-text-editor\" data-id=\"f6216d4\" data-element_type=\"widget\" data-widget_type=\"text-editor.default\">\n\t\t\t\t<div class=\"elementor-widget-container\">\n\t\t\t\t\t\t\t<iframe class=\"wuksD5\" title=\"Embedded Content\" src=\"https:\/\/www-solibra-com-tr.filesusr.com\/html\/eb1540_34dfea4915bf28c2fd46a2e9cef7f710.html\" name=\"htmlComp-iframe\" width=\"100%\" height=\"500\" data-src=\"\"><\/iframe>\t\t\t\t\t\t<\/div>\n\t\t\t\t<\/div>\n\t\t\t\t\t<\/div>\n\t\t<\/div>\n\t\t\t\t\t<\/div>\n\t\t<\/section>\n\t\t\t\t<\/div>\n\t\t","protected":false},"excerpt":{"rendered":"<p>Solibra Logistics Konteyner Takip sistemi ile denizyolu y\u00fckleriniz ile ilgili g\u00fcncel konum, kalk\u0131\u015f, var\u0131\u015f ve tahmini var\u0131\u015f tarihleri gibi bilgilere 7\/24 online olarak ula\u015fabilirsiniz. Y\u00fck\u00fcn\u00fcz\u00fc d\u00fcnya \u00e7ap\u0131nda ba\u015flang\u0131\u00e7tan nihai var\u0131\u015f noktas\u0131na kadar takip etmek i\u00e7in l\u00fctfen uygun arama kutusuna konteyner numaran\u0131z\u0131 girin.<\/p>\n","protected":false},"author":1,"featured_media":0,"parent":0,"menu_order":0,"comment_status":"closed","ping_status":"closed","template":"","meta":{"_acf_changed":false,"footnotes":""},"class_list":["post-656","page","type-page","status-publish","hentry"],"acf":[],"_links":{"self":[{"href":"https:\/\/www.solibra.com.tr\/index.php?rest_route=\/wp\/v2\/pages\/656","targetHints":{"allow":["GET"]}}],"collection":[{"href":"https:\/\/www.solibra.com.tr\/index.php?rest_route=\/wp\/v2\/pages"}],"about":[{"href":"https:\/\/www.solibra.com.tr\/index.php?rest_route=\/wp\/v2\/types\/page"}],"author":[{"embeddable":true,"href":"https:\/\/www.solibra.com.tr\/index.php?rest_route=\/wp\/v2\/users\/1"}],"replies":[{"embeddable":true,"href":"https:\/\/www.solibra.com.tr\/index.php?rest_route=%2Fwp%2Fv2%2Fcomments&post=656"}],"version-history":[{"count":13,"href":"https:\/\/www.solibra.com.tr\/index.php?rest_route=\/wp\/v2\/pages\/656\/revisions"}],"predecessor-version":[{"id":1971,"href":"https:\/\/www.solibra.com.tr\/index.php?rest_route=\/wp\/v2\/pages\/656\/revisions\/1971"}],"wp:attachment":[{"href":"https:\/\/www.solibra.com.tr\/index.php?rest_route=%2Fwp%2Fv2%2Fmedia&parent=656"}],"curies":[{"name":"wp","href":"https:\/\/api.w.org\/{rel}","templated":true}]}}