{"id":696,"date":"2023-05-26T12:33:20","date_gmt":"2023-05-26T12:33:20","guid":{"rendered":"https:\/\/test.solibra.com.tr\/?page_id=696"},"modified":"2026-02-12T07:44:09","modified_gmt":"2026-02-12T07:44:09","slug":"hakkimizda","status":"publish","type":"page","link":"https:\/\/www.solibra.com.tr\/?page_id=696&lang=tr","title":{"rendered":"Hakk\u0131m\u0131zda"},"content":{"rendered":"\t\t<div data-elementor-type=\"wp-page\" data-elementor-id=\"696\" class=\"elementor elementor-696\">\n\t\t\t\t\t\t<section class=\"elementor-section elementor-top-section elementor-element elementor-element-6a509207 thsn-col-stretched-none thsn-bg-color-over-image elementor-section-boxed elementor-section-height-default elementor-section-height-default\" data-id=\"6a509207\" data-element_type=\"section\">\n\t\t\t\t\t\t<div class=\"elementor-container elementor-column-gap-no\">\n\t\t\t\t\t<div class=\"elementor-column elementor-col-100 elementor-top-column elementor-element elementor-element-64f155b8 thsn-bg-color-over-image\" data-id=\"64f155b8\" data-element_type=\"column\">\n\t\t\t<div class=\"elementor-widget-wrap elementor-element-populated\">\n\t\t\t\t\t\t<div class=\"elementor-section elementor-inner-section elementor-element elementor-element-78b31687 thsn-col-stretched-none thsn-bg-color-over-image elementor-section-boxed elementor-section-height-default elementor-section-height-default\" data-id=\"78b31687\" data-element_type=\"section\">\n\t\t\t\t\t\t<div class=\"elementor-container elementor-column-gap-no\">\n\t\t\t\t\t<div class=\"elementor-column elementor-col-50 elementor-inner-column elementor-element elementor-element-7134b789 thsn-bg-color-over-image\" data-id=\"7134b789\" data-element_type=\"column\">\n\t\t\t<div class=\"elementor-widget-wrap elementor-element-populated\">\n\t\t\t\t\t\t<div class=\"elementor-element elementor-element-6750d619 elementor-widget elementor-widget-image\" data-id=\"6750d619\" data-element_type=\"widget\" data-widget_type=\"image.default\">\n\t\t\t\t<div class=\"elementor-widget-container\">\n\t\t\t\t\t\t\t\t\t\t\t\t\t<img fetchpriority=\"high\" decoding=\"async\" width=\"1600\" height=\"925\" src=\"https:\/\/www.solibra.com.tr\/wp-content\/uploads\/2023\/05\/solibra-denizyolu-tasimaciligi.png\" class=\"attachment-full size-full wp-image-460\" alt=\"\" srcset=\"https:\/\/www.solibra.com.tr\/wp-content\/uploads\/2023\/05\/solibra-denizyolu-tasimaciligi.png 1600w, https:\/\/www.solibra.com.tr\/wp-content\/uploads\/2023\/05\/solibra-denizyolu-tasimaciligi-300x173.png 300w, https:\/\/www.solibra.com.tr\/wp-content\/uploads\/2023\/05\/solibra-denizyolu-tasimaciligi-1024x592.png 1024w, https:\/\/www.solibra.com.tr\/wp-content\/uploads\/2023\/05\/solibra-denizyolu-tasimaciligi-768x444.png 768w, https:\/\/www.solibra.com.tr\/wp-content\/uploads\/2023\/05\/solibra-denizyolu-tasimaciligi-1536x888.png 1536w, https:\/\/www.solibra.com.tr\/wp-content\/uploads\/2023\/05\/solibra-denizyolu-tasimaciligi-770x445.png 770w\" sizes=\"(max-width: 1600px) 100vw, 1600px\" \/>\t\t\t\t\t\t\t\t\t\t\t\t\t<\/div>\n\t\t\t\t<\/div>\n\t\t\t\t\t<\/div>\n\t\t<\/div>\n\t\t\t\t<div class=\"elementor-column elementor-col-50 elementor-inner-column elementor-element elementor-element-18ac7c3 thsn-bg-color-over-image\" data-id=\"18ac7c3\" data-element_type=\"column\">\n\t\t\t<div class=\"elementor-widget-wrap elementor-element-populated\">\n\t\t\t\t\t\t<div class=\"elementor-element elementor-element-3715ab2f elementor-widget__width-initial thsn-align-left elementor-widget elementor-widget-thsn_heading\" data-id=\"3715ab2f\" data-element_type=\"widget\" data-widget_type=\"thsn_heading.default\">\n\t\t\t\t<div class=\"elementor-widget-container\">\n\t\t\t\t<div class=\"thsn-heading-subheading left-align \"><h2 class=\"thsn-element-title\">\r\n\t\t\t\r\n\t\t\t\t SOLIBRA LOGISTICS <span class=\"thsn-span-sec\"><\/span> \r\n\t\t\t\r\n\t\t\t<\/h2>\r\n\t\t<div class=\"thsn-heading-desc\">Solibra Lojistik olarak 2006 y\u0131l\u0131ndan bu yana,  alan\u0131nda deneyimli ve dinamik ekimiz, 40 y\u0131l\u0131 a\u015fk\u0131n tecr\u00fcbemiz ile deniz \/ hava \/ kara ta\u015f\u0131mac\u0131l\u0131\u011f\u0131 alan\u0131nda hizmet veriyor, istikrarl\u0131 bir \u015fekilde b\u00fcy\u00fcyerek \u00fclkenin \u00f6nde gelen lojistik sa\u011flay\u0131c\u0131lar\u0131ndan biri olma yolunda emin ad\u0131mlarla ilerliyoruz. \n\n<\/div><\/div>\t\t<\/div>\n\t\t\t\t<\/div>\n\t\t\t\t\t<\/div>\n\t\t<\/div>\n\t\t\t\t\t<\/div>\n\t\t<\/div>\n\t\t\t\t<div class=\"elementor-section elementor-inner-section elementor-element elementor-element-54e3497e thsn-col-stretched-none thsn-bg-color-over-image elementor-section-boxed elementor-section-height-default elementor-section-height-default\" data-id=\"54e3497e\" data-element_type=\"section\">\n\t\t\t\t\t\t<div class=\"elementor-container elementor-column-gap-no\">\n\t\t\t\t\t<div class=\"elementor-column elementor-col-50 elementor-inner-column elementor-element elementor-element-2feb9d1c thsn-bg-color-over-image\" data-id=\"2feb9d1c\" data-element_type=\"column\">\n\t\t\t<div class=\"elementor-widget-wrap elementor-element-populated\">\n\t\t\t\t\t\t<div class=\"elementor-element elementor-element-124b8e66 elementor-widget elementor-widget-image\" data-id=\"124b8e66\" data-element_type=\"widget\" data-widget_type=\"image.default\">\n\t\t\t\t<div class=\"elementor-widget-container\">\n\t\t\t\t\t\t\t\t\t\t\t\t\t<img decoding=\"async\" width=\"2048\" height=\"1024\" src=\"https:\/\/www.solibra.com.tr\/wp-content\/uploads\/2023\/05\/solibra-hizmetler.jpeg\" class=\"attachment-full size-full wp-image-473\" alt=\"\" srcset=\"https:\/\/www.solibra.com.tr\/wp-content\/uploads\/2023\/05\/solibra-hizmetler.jpeg 2048w, https:\/\/www.solibra.com.tr\/wp-content\/uploads\/2023\/05\/solibra-hizmetler-300x150.jpeg 300w, https:\/\/www.solibra.com.tr\/wp-content\/uploads\/2023\/05\/solibra-hizmetler-1024x512.jpeg 1024w, https:\/\/www.solibra.com.tr\/wp-content\/uploads\/2023\/05\/solibra-hizmetler-768x384.jpeg 768w, https:\/\/www.solibra.com.tr\/wp-content\/uploads\/2023\/05\/solibra-hizmetler-1536x768.jpeg 1536w, https:\/\/www.solibra.com.tr\/wp-content\/uploads\/2023\/05\/solibra-hizmetler-770x385.jpeg 770w\" sizes=\"(max-width: 2048px) 100vw, 2048px\" \/>\t\t\t\t\t\t\t\t\t\t\t\t\t<\/div>\n\t\t\t\t<\/div>\n\t\t\t\t\t<\/div>\n\t\t<\/div>\n\t\t\t\t<div class=\"elementor-column elementor-col-50 elementor-inner-column elementor-element elementor-element-784a83fd thsn-bg-color-over-image\" data-id=\"784a83fd\" data-element_type=\"column\">\n\t\t\t<div class=\"elementor-widget-wrap elementor-element-populated\">\n\t\t\t\t\t\t<div class=\"elementor-element elementor-element-788f3616 thsn-align-left elementor-widget elementor-widget-thsn_custom_heading\" data-id=\"788f3616\" data-element_type=\"widget\" data-widget_type=\"thsn_custom_heading.default\">\n\t\t\t\t<div class=\"elementor-widget-container\">\n\t\t\t\t<div class=\"thsn-custom-heading left-align\"><h5 class=\"thsn-element-title\">\r\n\t\t\t\r\n\t\t\t\tG\u00f6nderilerini SOLIBRA Lojistik\u2019e emanet eden i\u015f ortaklar\u0131m\u0131z\u0131, ihtiya\u00e7lar\u0131na en uygun ta\u015f\u0131ma modlar\u0131 ve servisler hakk\u0131nda y\u00f6nlendiriyor, b\u00f6lge ve \u00fclke farketmeksizin , zaman\u0131nda ve sorunsuz sevkiyat i\u00e7in var g\u00fcc\u00fcm\u00fczle \u00e7al\u0131\u015f\u0131yoruz. \n\r\n\t\t\t\r\n\t\t\t<\/h5>\r\n\t\t<\/div>\t\t<\/div>\n\t\t\t\t<\/div>\n\t\t\t\t<div class=\"elementor-element elementor-element-45edcd44 elementor-widget elementor-widget-text-editor\" data-id=\"45edcd44\" data-element_type=\"widget\" data-widget_type=\"text-editor.default\">\n\t\t\t\t<div class=\"elementor-widget-container\">\n\t\t\t\t\t\t\t<p>D\u00fc\u015f\u00fck maliyetli olmas\u0131 nedeniyle D\u00fcnya\u2019da en \u00e7ok tercih edilen ta\u015f\u0131mac\u0131l\u0131k modu olan Denizyolu ta\u015f\u0131mac\u0131l\u0131\u011f\u0131 konusunda; uzman ekibimiz, 195 \u00fclkedeki geni\u015f acenta a\u011f\u0131m\u0131z, global ve lokal armat\u00f6rler ile olan \u00f6zel navlun anla\u015fmalar\u0131m\u0131z ile parsiyel, full, proje ve d\u00f6kme t\u00fcm y\u00fcklemeleriniz i\u00e7in g\u00fcvenli, ekonomik ve h\u0131zl\u0131 servis se\u00e7eneklerimiz ile hizmet veriyoruz. \u00a0<\/p>\t\t\t\t\t\t<\/div>\n\t\t\t\t<\/div>\n\t\t\t\t<div class=\"elementor-element elementor-element-68e9c417 elementor-widget elementor-widget-progress\" data-id=\"68e9c417\" data-element_type=\"widget\" data-widget_type=\"progress.default\">\n\t\t\t\t<div class=\"elementor-widget-container\">\n\t\t\t\t\t\t<span class=\"elementor-title\" id=\"elementor-progress-bar-68e9c417\">\n\t\t\t\tKalite Kontrol Sistemi\t\t\t<\/span>\n\t\t\n\t\t<div aria-labelledby=\"elementor-progress-bar-68e9c417\" class=\"elementor-progress-wrapper\" role=\"progressbar\" aria-valuemin=\"0\" aria-valuemax=\"100\" aria-valuenow=\"100\">\n\t\t\t<div class=\"elementor-progress-bar\" data-max=\"100\">\n\t\t\t\t<span class=\"elementor-progress-text\"><\/span>\n\t\t\t\t\t\t\t\t\t<span class=\"elementor-progress-percentage\">100%<\/span>\n\t\t\t\t\t\t\t<\/div>\n\t\t<\/div>\n\t\t\t\t<\/div>\n\t\t\t\t<\/div>\n\t\t\t\t<div class=\"elementor-element elementor-element-4eb1eb30 elementor-widget elementor-widget-progress\" data-id=\"4eb1eb30\" data-element_type=\"widget\" data-widget_type=\"progress.default\">\n\t\t\t\t<div class=\"elementor-widget-container\">\n\t\t\t\t\t\t<span class=\"elementor-title\" id=\"elementor-progress-bar-4eb1eb30\">\n\t\t\t\tProfesyonel Ekip\t\t\t<\/span>\n\t\t\n\t\t<div aria-labelledby=\"elementor-progress-bar-4eb1eb30\" class=\"elementor-progress-wrapper\" role=\"progressbar\" aria-valuemin=\"0\" aria-valuemax=\"100\" aria-valuenow=\"100\">\n\t\t\t<div class=\"elementor-progress-bar\" data-max=\"100\">\n\t\t\t\t<span class=\"elementor-progress-text\"><\/span>\n\t\t\t\t\t\t\t\t\t<span class=\"elementor-progress-percentage\">100%<\/span>\n\t\t\t\t\t\t\t<\/div>\n\t\t<\/div>\n\t\t\t\t<\/div>\n\t\t\t\t<\/div>\n\t\t\t\t\t<\/div>\n\t\t<\/div>\n\t\t\t\t\t<\/div>\n\t\t<\/div>\n\t\t\t\t\t<\/div>\n\t\t<\/div>\n\t\t\t\t\t<\/div>\n\t\t<\/section>\n\t\t\t\t<section class=\"elementor-section elementor-top-section elementor-element elementor-element-2c5f10e thsn-bg-color-yes thsn-elementor-bg-color-secondary thsn-text-color-white elementor-section-stretched thsn-col-stretched-none thsn-bg-color-over-image elementor-section-boxed elementor-section-height-default elementor-section-height-default\" data-id=\"2c5f10e\" data-element_type=\"section\" data-settings=\"{&quot;stretch_section&quot;:&quot;section-stretched&quot;,&quot;background_background&quot;:&quot;classic&quot;}\">\n\t\t\t\t\t\t<div class=\"elementor-container elementor-column-gap-no\">\n\t\t\t\t\t<div class=\"elementor-column elementor-col-100 elementor-top-column elementor-element elementor-element-4a34b93c thsn-bg-color-over-image\" data-id=\"4a34b93c\" data-element_type=\"column\">\n\t\t\t<div class=\"elementor-widget-wrap elementor-element-populated\">\n\t\t\t\t\t\t<div class=\"elementor-element elementor-element-ac63b66 thsn-align-left elementor-widget elementor-widget-thsn_heading\" data-id=\"ac63b66\" data-element_type=\"widget\" data-widget_type=\"thsn_heading.default\">\n\t\t\t\t<div class=\"elementor-widget-container\">\n\t\t\t\t<div class=\"thsn-heading-subheading left-align \"><h2 class=\"thsn-element-title\">\r\n\t\t\t\r\n\t\t\t\tD\u00fcnyan\u0131n <span class=\"thsn-span-global\">\u00c7ok Uluslu<br> \u015eirketleri i\u00e7in <\/span> Lojistik Y\u00f6netimi\r\n\t\t\t\r\n\t\t\t<\/h2>\r\n\t\t<\/div>\t\t<\/div>\n\t\t\t\t<\/div>\n\t\t\t\t<div class=\"elementor-element elementor-element-5e4494dd thsn-align-left elementor-widget elementor-widget-thsn_multiple_icon_heading\" data-id=\"5e4494dd\" data-element_type=\"widget\" data-widget_type=\"thsn_multiple_icon_heading.default\">\n\t\t\t\t<div class=\"elementor-widget-container\">\n\t\t\t<div class=\"themesion-element themesion-element-miconheading thsn-element-miconheading-style-14 themesion-element-viewtype-carousel thsn-infinite-scroll-no thsn-infinite-scroll-button-no\" data-cpt=\"miconheading\" data-totalpagination=\"1\" data-style=\"14\" data-show=\"3\" data-columns=\"4\" data-loop=\"false\" data-autoplay=\"false\" data-center=\"false\" data-nav=\"false\" data-dots=\"false\" data-autoplayspeed=\"1000\" data-margin=\"\"><div class=\"themesion-element-inner\">\r\n\t\t<div class=\"thsn-ele-header-area\">\r\n\t\t\t\t<div class=\"thsn-heading-subheading left-align \"><\/div>\t\t<\/div>\r\n\r\n\t\t<div class=\"thsn-element-posts-wrapper row multi-columns-row\">\r\n\r\n\t\t<article class=\"thsn-ele thsn-ele-miconheading thsn-miconheading-style-14 col-md-6 col-lg-3   \">\t\t\t\r\n\t\t\t\t\t<div class=\"thsn-ihbox thsn-ihbox-style-14\">\r\n\t\t\t\t\t\t<div class=\"thsn-ihbox-contents\">\r\n\t<div class=\"thsn-ihbox-headingicon\">\r\n\t<h2 class=\"thsn-element-title\">\r\n\t\t\t\t\t\t\t\r\n\t\t\t\t\t\t\t\tCanl\u0131 Takip\r\n\t\t\t\t\t\t\t\r\n\t\t\t\t\t\t\t<\/h2>\r\n\t\t\t\t\t\t\t\r\n\t\t<div class=\"thsn-ihbox-contents\">\r\n\t\t\t<div class=\"thsn-ihbox-icon\"><div class=\"thsn-ihbox-icon-wrapper\"><i class=\"thsn-logisto-icon thsn-logisto-icon-route\"><\/i><\/div><\/div>\t\t\t\r\n\t\t\t\t\t\t\t\t\t\t\t<\/div><!-- .thsn-ihbox-contents -->\r\n\t<\/div>\r\n<\/div>\r\n\t\t\t\t\t<\/div>\r\n\r\n\t\t\t\t<\/article><article class=\"thsn-ele thsn-ele-miconheading thsn-miconheading-style-14 col-md-6 col-lg-3   \">\t\t\t\r\n\t\t\t\t\t<div class=\"thsn-ihbox thsn-ihbox-style-14\">\r\n\t\t\t\t\t\t<div class=\"thsn-ihbox-contents\">\r\n\t<div class=\"thsn-ihbox-headingicon\">\r\n\t<h2 class=\"thsn-element-title\">\r\n\t\t\t\t\t\t\t\r\n\t\t\t\t\t\t\t\tUygun Fiyat\r\n\t\t\t\t\t\t\t\r\n\t\t\t\t\t\t\t<\/h2>\r\n\t\t\t\t\t\t\t\r\n\t\t<div class=\"thsn-ihbox-contents\">\r\n\t\t\t<div class=\"thsn-ihbox-icon\"><div class=\"thsn-ihbox-icon-wrapper\"><i class=\"thsn-logisto-icon thsn-logisto-icon-tag\"><\/i><\/div><\/div>\t\t\t\r\n\t\t\t\t\t\t\t\t\t\t\t<\/div><!-- .thsn-ihbox-contents -->\r\n\t<\/div>\r\n<\/div>\r\n\t\t\t\t\t<\/div>\r\n\r\n\t\t\t\t<\/article><article class=\"thsn-ele thsn-ele-miconheading thsn-miconheading-style-14 col-md-6 col-lg-3   \">\t\t\t\r\n\t\t\t\t\t<div class=\"thsn-ihbox thsn-ihbox-style-14\">\r\n\t\t\t\t\t\t<div class=\"thsn-ihbox-contents\">\r\n\t<div class=\"thsn-ihbox-headingicon\">\r\n\t<h2 class=\"thsn-element-title\">\r\n\t\t\t\t\t\t\t\r\n\t\t\t\t\t\t\t\tPro Hizmetler\r\n\t\t\t\t\t\t\t\r\n\t\t\t\t\t\t\t<\/h2>\r\n\t\t\t\t\t\t\t\r\n\t\t<div class=\"thsn-ihbox-contents\">\r\n\t\t\t<div class=\"thsn-ihbox-icon\"><div class=\"thsn-ihbox-icon-wrapper\"><i class=\"fas fa-project-diagram\"><\/i><\/div><\/div>\t\t\t\r\n\t\t\t\t\t\t\t\t\t\t\t<\/div><!-- .thsn-ihbox-contents -->\r\n\t<\/div>\r\n<\/div>\r\n\t\t\t\t\t<\/div>\r\n\r\n\t\t\t\t<\/article><article class=\"thsn-ele thsn-ele-miconheading thsn-miconheading-style-14 col-md-6 col-lg-3   \">\t\t\t\r\n\t\t\t\t\t<div class=\"thsn-ihbox thsn-ihbox-style-14\">\r\n\t\t\t\t\t\t<div class=\"thsn-ihbox-contents\">\r\n\t<div class=\"thsn-ihbox-headingicon\">\r\n\t<h2 class=\"thsn-element-title\">\r\n\t\t\t\t\t\t\t\r\n\t\t\t\t\t\t\t\tH\u0131zl\u0131 Teslimat\r\n\t\t\t\t\t\t\t\r\n\t\t\t\t\t\t\t<\/h2>\r\n\t\t\t\t\t\t\t\r\n\t\t<div class=\"thsn-ihbox-contents\">\r\n\t\t\t<div class=\"thsn-ihbox-icon\"><div class=\"thsn-ihbox-icon-wrapper\"><i class=\"fas fa-shipping-fast\"><\/i><\/div><\/div>\t\t\t\r\n\t\t\t\t\t\t\t\t\t\t\t<\/div><!-- .thsn-ihbox-contents -->\r\n\t<\/div>\r\n<\/div>\r\n\t\t\t\t\t<\/div>\r\n\r\n\t\t\t\t<\/article>\r\n\t\t<\/div>\r\n\r\n\t\t<\/div><!-- .themesion-element-inner -->   <\/div><!-- .themesion-element -->  \t\t<\/div>\n\t\t\t\t<\/div>\n\t\t\t\t<div class=\"elementor-element elementor-element-56defcae elementor-view-stacked elementor-shape-square thsn-global-color-box2 thsn-lightbox-video elementor-widget__width-auto elementor-absolute elementor-widget elementor-widget-icon\" data-id=\"56defcae\" data-element_type=\"widget\" data-settings=\"{&quot;_position&quot;:&quot;absolute&quot;}\" data-widget_type=\"icon.default\">\n\t\t\t\t<div class=\"elementor-widget-container\">\n\t\t\t\t\t<div class=\"elementor-icon-wrapper\">\n\t\t\t<a class=\"elementor-icon\" href=\"https:\/\/www.youtube.com\/watch?v=79xwnf-KcxE\">\n\t\t\t<i aria-hidden=\"true\" class=\"fas fa-play\"><\/i>\t\t\t<\/a>\n\t\t<\/div>\n\t\t\t\t<\/div>\n\t\t\t\t<\/div>\n\t\t\t\t\t<\/div>\n\t\t<\/div>\n\t\t\t\t\t<\/div>\n\t\t<\/section>\n\t\t\t\t<div class=\"elementor-section elementor-top-section elementor-element elementor-element-67e264bd elementor-section-full_width elementor-section-stretched thsn-col-stretched-none thsn-bg-color-over-image elementor-section-height-default elementor-section-height-default\" data-id=\"67e264bd\" data-element_type=\"section\" data-settings=\"{&quot;stretch_section&quot;:&quot;section-stretched&quot;}\">\n\t\t\t\t\t\t<div class=\"elementor-container elementor-column-gap-no\">\n\t\t\t\t\t<div class=\"elementor-column elementor-col-100 elementor-top-column elementor-element elementor-element-5e8e4d6b thsn-bg-color-over-image\" data-id=\"5e8e4d6b\" data-element_type=\"column\">\n\t\t\t<div class=\"elementor-widget-wrap\">\n\t\t\t\t\t\t\t<\/div>\n\t\t<\/div>\n\t\t\t\t\t<\/div>\n\t\t<\/div>\n\t\t\t\t<section class=\"elementor-section elementor-top-section elementor-element elementor-element-4eb0684 thsn-col-stretched-none thsn-bg-color-over-image elementor-section-boxed elementor-section-height-default elementor-section-height-default\" data-id=\"4eb0684\" data-element_type=\"section\">\n\t\t\t\t\t\t<div class=\"elementor-container elementor-column-gap-no\">\n\t\t\t\t\t<div class=\"elementor-column elementor-col-100 elementor-top-column elementor-element elementor-element-3630f558 thsn-bg-color-over-image\" data-id=\"3630f558\" data-element_type=\"column\">\n\t\t\t<div class=\"elementor-widget-wrap elementor-element-populated\">\n\t\t\t\t\t\t<div class=\"elementor-element elementor-element-5fd0b2ff thsn-align-center elementor-widget elementor-widget-thsn_team_element\" data-id=\"5fd0b2ff\" data-element_type=\"widget\" data-widget_type=\"thsn_team_element.default\">\n\t\t\t\t<div class=\"elementor-widget-container\">\n\t\t\t\r\n\t\t<div class=\"themesion-element themesion-element-team thsn-element-team-style-1 themesion-element-viewtype-row-column themesion-gap-30px thsn-infinite-scroll-no thsn-infinite-scroll-button-no\" data-cpt=\"team\" data-totalpagination=\"10\" data-style=\"1\" data-show=\"4\" data-columns=\"4\" data-loop=\"false\" data-autoplay=\"false\" data-center=\"false\" data-nav=\"false\" data-dots=\"false\" data-autoplayspeed=\"1000\" data-margin=\"30px\"><div class=\"themesion-element-inner\"><div class=\"thsn-infinite-scroll-data\">{\"cpt\":\"team\",\"style\":\"1\",\"columns\":\"4\",\"show\":4,\"order\":\"DESC\",\"orderby\":\"none\"}<\/div>\r\n\t\t\t<div class=\"thsn-ele-header-area\">\r\n\t\t\t\t\t<div class=\"thsn-heading-subheading center-align \"><h2 class=\"thsn-element-title\">\r\n\t\t\t\r\n\t\t\t\tMeet Our <span class=\"thsn-span-sec\">Special Support <\/span><br>Team Members!\r\n\t\t\t\r\n\t\t\t<\/h2>\r\n\t\t<\/div>\r\n\t\t\t\t\r\n\t\t\t<\/div>\r\n\r\n\t\t\t<div class=\"thsn-element-posts-wrapper row multi-columns-row\">\r\n\r\n\t\t\t<article class=\"thsn-ele thsn-ele-team thsn-team-style-1 col-md-6 col-lg-3 idari-isler thsn-term-130  \"><div class=\"themesion-post-item\">\r\n\t<div class=\"themesion-team-image-box\">\t\t\r\n\t\t<div class=\"thsn-featured-wrapper\"><a href=\"https:\/\/www.solibra.com.tr\/?thsn-team-member=ziya-guler-tr&amp;lang=tr\"><img decoding=\"async\" width=\"540\" height=\"500\" src=\"https:\/\/www.solibra.com.tr\/wp-content\/uploads\/2023\/07\/Ziya-GULER-540x500.jpg\" class=\"attachment-thsn-img-540x500 size-thsn-img-540x500 wp-post-image\" alt=\"\" \/><\/a><\/div>\t<\/div>\r\n\t<div class=\"themesion-box-content\">\t\r\n\t\t<div class=\"thsn-member-social\">\r\n\t\t\t<div class=\"thsn-team-btn\"> \r\n\t\t\t\t<a class=\"thsn-team-text\" href=\"#\"><i class=\"thsn-base-icon-plus-symbol-button\"><\/i><\/a>\r\n\t\t\t<\/div>\r\n\t\t\t<div class=\"themesion-box-social-links\"><\/div>\t\r\n\t\t<\/div>\r\n\t\t<div class=\"thsn-member-content\">\r\n\t\t\t<div class=\"themesion-box-team-position-wrap\">\r\n\t\t\t\t\t\t<div class=\"themesion-box-team-position\">Y\u00d6NET\u0130M<\/div>\r\n\t\t\t\t\t<\/div>\r\n\t\t\t<h3 class=\"thsn-team-title\"><a href=\"https:\/\/www.solibra.com.tr\/?thsn-team-member=ziya-guler-tr&#038;lang=tr\">Ziya G\u00dcLER<\/a><\/h3>\t\r\n\t\t<\/div>\r\n\t<\/div>\t\r\n<\/div>\r\n<\/article><article class=\"thsn-ele thsn-ele-team thsn-team-style-1 col-md-6 col-lg-3 staff thsn-term-137  \"><div class=\"themesion-post-item\">\r\n\t<div class=\"themesion-team-image-box\">\t\t\r\n\t\t<div class=\"thsn-featured-wrapper\"><a href=\"https:\/\/www.solibra.com.tr\/?thsn-team-member=ziya-guler\"><img decoding=\"async\" width=\"540\" height=\"500\" src=\"https:\/\/www.solibra.com.tr\/wp-content\/uploads\/2023\/07\/Ziya-GULER-540x500.jpg\" class=\"attachment-thsn-img-540x500 size-thsn-img-540x500 wp-post-image\" alt=\"\" \/><\/a><\/div>\t<\/div>\r\n\t<div class=\"themesion-box-content\">\t\r\n\t\t<div class=\"thsn-member-social\">\r\n\t\t\t<div class=\"thsn-team-btn\"> \r\n\t\t\t\t<a class=\"thsn-team-text\" href=\"#\"><i class=\"thsn-base-icon-plus-symbol-button\"><\/i><\/a>\r\n\t\t\t<\/div>\r\n\t\t\t<div class=\"themesion-box-social-links\"><\/div>\t\r\n\t\t<\/div>\r\n\t\t<div class=\"thsn-member-content\">\r\n\t\t\t<div class=\"themesion-box-team-position-wrap\">\r\n\t\t\t\t\t\t<div class=\"themesion-box-team-position\">ADMINISTRATIVE <\/div>\r\n\t\t\t\t\t<\/div>\r\n\t\t\t<h3 class=\"thsn-team-title\"><a href=\"https:\/\/www.solibra.com.tr\/?thsn-team-member=ziya-guler\">Ziya G\u00dcLER<\/a><\/h3>\t\r\n\t\t<\/div>\r\n\t<\/div>\t\r\n<\/div>\r\n<\/article><article class=\"thsn-ele thsn-ele-team thsn-team-style-1 col-md-6 col-lg-3 documentation thsn-term-118  \"><div class=\"themesion-post-item\">\r\n\t<div class=\"themesion-team-image-box\">\t\t\r\n\t\t<div class=\"thsn-featured-wrapper\"><a href=\"https:\/\/www.solibra.com.tr\/?thsn-team-member=furkan-dedeoglu-2\"><img loading=\"lazy\" decoding=\"async\" width=\"540\" height=\"500\" src=\"https:\/\/www.solibra.com.tr\/wp-content\/uploads\/2023\/07\/Furkan-Dedeoglu-540x500.jpg\" class=\"attachment-thsn-img-540x500 size-thsn-img-540x500 wp-post-image\" alt=\"\" \/><\/a><\/div>\t<\/div>\r\n\t<div class=\"themesion-box-content\">\t\r\n\t\t<div class=\"thsn-member-social\">\r\n\t\t\t<div class=\"thsn-team-btn\"> \r\n\t\t\t\t<a class=\"thsn-team-text\" href=\"#\"><i class=\"thsn-base-icon-plus-symbol-button\"><\/i><\/a>\r\n\t\t\t<\/div>\r\n\t\t\t<div class=\"themesion-box-social-links\"><\/div>\t\r\n\t\t<\/div>\r\n\t\t<div class=\"thsn-member-content\">\r\n\t\t\t<div class=\"themesion-box-team-position-wrap\">\r\n\t\t\t\t\t\t<div class=\"themesion-box-team-position\">DOCUMENTATION REPRESENTATIVE<\/div>\r\n\t\t\t\t\t<\/div>\r\n\t\t\t<h3 class=\"thsn-team-title\"><a href=\"https:\/\/www.solibra.com.tr\/?thsn-team-member=furkan-dedeoglu-2\">Furkan DEDEO\u011eLU<\/a><\/h3>\t\r\n\t\t<\/div>\r\n\t<\/div>\t\r\n<\/div>\r\n<\/article><article class=\"thsn-ele thsn-ele-team thsn-team-style-1 col-md-6 col-lg-3 dokumantasyon thsn-term-120  \"><div class=\"themesion-post-item\">\r\n\t<div class=\"themesion-team-image-box\">\t\t\r\n\t\t<div class=\"thsn-featured-wrapper\"><a href=\"https:\/\/www.solibra.com.tr\/?thsn-team-member=furkan-dedeoglu&amp;lang=tr\"><img loading=\"lazy\" decoding=\"async\" width=\"540\" height=\"500\" src=\"https:\/\/www.solibra.com.tr\/wp-content\/uploads\/2023\/07\/Furkan-Dedeoglu-540x500.jpg\" class=\"attachment-thsn-img-540x500 size-thsn-img-540x500 wp-post-image\" alt=\"\" \/><\/a><\/div>\t<\/div>\r\n\t<div class=\"themesion-box-content\">\t\r\n\t\t<div class=\"thsn-member-social\">\r\n\t\t\t<div class=\"thsn-team-btn\"> \r\n\t\t\t\t<a class=\"thsn-team-text\" href=\"#\"><i class=\"thsn-base-icon-plus-symbol-button\"><\/i><\/a>\r\n\t\t\t<\/div>\r\n\t\t\t<div class=\"themesion-box-social-links\"><\/div>\t\r\n\t\t<\/div>\r\n\t\t<div class=\"thsn-member-content\">\r\n\t\t\t<div class=\"themesion-box-team-position-wrap\">\r\n\t\t\t\t\t\t<div class=\"themesion-box-team-position\">DOK\u00dcMANTASYON TEMS\u0130LC\u0130S\u0130<\/div>\r\n\t\t\t\t\t<\/div>\r\n\t\t\t<h3 class=\"thsn-team-title\"><a href=\"https:\/\/www.solibra.com.tr\/?thsn-team-member=furkan-dedeoglu&#038;lang=tr\">Furkan DEDEO\u011eLU<\/a><\/h3>\t\r\n\t\t<\/div>\r\n\t<\/div>\t\r\n<\/div>\r\n<\/article>\r\n\t\t\t<\/div>\r\n\r\n\t\t\t\r\n\t\t\r\n\t\t\r\n\t\t<\/div><!-- .themesion-element-inner -->   <\/div><!-- .themesion-element -->  \r\n\t    \t\t<\/div>\n\t\t\t\t<\/div>\n\t\t\t\t\t<\/div>\n\t\t<\/div>\n\t\t\t\t\t<\/div>\n\t\t<\/section>\n\t\t\t\t<\/div>\n\t\t","protected":false},"excerpt":{"rendered":"<p>SOLIBRA LOGISTICS Solibra Lojistik olarak 2006 y\u0131l\u0131ndan bu yana, alan\u0131nda deneyimli ve dinamik ekimiz, 40 y\u0131l\u0131 a\u015fk\u0131n tecr\u00fcbemiz ile deniz \/ hava \/ kara ta\u015f\u0131mac\u0131l\u0131\u011f\u0131 alan\u0131nda hizmet veriyor, istikrarl\u0131 bir \u015fekilde b\u00fcy\u00fcyerek \u00fclkenin \u00f6nde gelen lojistik sa\u011flay\u0131c\u0131lar\u0131ndan biri olma yolunda emin ad\u0131mlarla ilerliyoruz. G\u00f6nderilerini SOLIBRA Lojistik\u2019e emanet eden i\u015f ortaklar\u0131m\u0131z\u0131, ihtiya\u00e7lar\u0131na en uygun ta\u015f\u0131ma modlar\u0131 ve servisler hakk\u0131nda y\u00f6nlendiriyor, b\u00f6lge ve \u00fclke farketmeksizin , zaman\u0131nda ve sorunsuz sevkiyat i\u00e7in var[&hellip;]<\/p>\n","protected":false},"author":1,"featured_media":0,"parent":0,"menu_order":0,"comment_status":"closed","ping_status":"closed","template":"","meta":{"_acf_changed":false,"footnotes":""},"class_list":["post-696","page","type-page","status-publish","hentry"],"acf":[],"_links":{"self":[{"href":"https:\/\/www.solibra.com.tr\/index.php?rest_route=\/wp\/v2\/pages\/696","targetHints":{"allow":["GET"]}}],"collection":[{"href":"https:\/\/www.solibra.com.tr\/index.php?rest_route=\/wp\/v2\/pages"}],"about":[{"href":"https:\/\/www.solibra.com.tr\/index.php?rest_route=\/wp\/v2\/types\/page"}],"author":[{"embeddable":true,"href":"https:\/\/www.solibra.com.tr\/index.php?rest_route=\/wp\/v2\/users\/1"}],"replies":[{"embeddable":true,"href":"https:\/\/www.solibra.com.tr\/index.php?rest_route=%2Fwp%2Fv2%2Fcomments&post=696"}],"version-history":[{"count":7,"href":"https:\/\/www.solibra.com.tr\/index.php?rest_route=\/wp\/v2\/pages\/696\/revisions"}],"predecessor-version":[{"id":2226,"href":"https:\/\/www.solibra.com.tr\/index.php?rest_route=\/wp\/v2\/pages\/696\/revisions\/2226"}],"wp:attachment":[{"href":"https:\/\/www.solibra.com.tr\/index.php?rest_route=%2Fwp%2Fv2%2Fmedia&parent=696"}],"curies":[{"name":"wp","href":"https:\/\/api.w.org\/{rel}","templated":true}]}}